{"id":1783,"date":"2018-09-20T16:32:58","date_gmt":"2018-09-20T19:32:58","guid":{"rendered":"https:\/\/isfd52-bue.infd.edu.ar\/sitio\/?page_id=1783"},"modified":"2018-09-20T16:42:57","modified_gmt":"2018-09-20T19:42:57","slug":"jornada-en-el-isfdyt-52-nuevas-formas-de-biopoder-e-infancias-contemporaneas-articulaciones-on-off-line-de-la-subjetividad-26-de-setiembre-de-2018","status":"publish","type":"page","link":"https:\/\/isfd52-bue.infd.edu.ar\/sitio\/jornada-en-el-isfdyt-52-nuevas-formas-de-biopoder-e-infancias-contemporaneas-articulaciones-on-off-line-de-la-subjetividad-26-de-setiembre-de-2018\/","title":{"rendered":"Jornada en el ISFDyT 52: \u00abNuevas formas de Biopoder e Infancias Contempor\u00e1neas: articulaciones on-off line de la subjetividad\u00bb 26 de setiembre de 2018"},"content":{"rendered":"<p style=\"text-align: center;\">Instituto Superior de Formaci\u00f3n Docente y T\u00e9cnica N\u00ba\u00a0 52<\/p>\n<p style=\"text-align: center;\">\u00abMaestro Francisco Isauro\u00a0 Arancibia\u00bb<\/p>\n<p style=\"text-align: center;\">Proyecto institucional:<\/p>\n<p style=\"text-align: center;\"><strong>\u00abHacia una nueva Pedagog\u00eda de la Formaci\u00f3n<\/strong><\/p>\n<p style=\"text-align: center;\"><strong><em>Propuestas para el desarrollo profesional docente aut\u00f3nomo\u00bb<\/em><\/strong><\/p>\n<p style=\"text-align: center;\">Actividades 2018<\/p>\n<p style=\"text-align: center;\">Clase abierta y Presentaci\u00f3n<\/p>\n<p style=\"text-align: center;\"><a href=\"https:\/\/isfd52-bue.infd.edu.ar\/sitio\/wp-content\/uploads\/2018\/09\/flyer-final-26-publicar.pdf\" target=\"_blank\" rel=\"noopener\">\u00a0\u00abNuevas formas de Biopoder e Infancias Contempor\u00e1neas: articulaciones on-off line de la subjetividad\u00bb<\/a><\/p>\n<p style=\"text-align: center;\">Presentaci\u00f3n de los libros:<\/p>\n<ul>\n<li style=\"text-align: center;\"><a href=\"https:\/\/isfd52-bue.infd.edu.ar\/sitio\/wp-content\/uploads\/2018\/09\/flyer-final-26-publicar-2.jpg\" target=\"_blank\" rel=\"noopener\">\u00abQueremos aburrirnos\u00bb &#8211; Hacia los nuevos Gugols como nuevas formas de subjetivaci\u00f3n &#8211;\u00a0 Autoras:\u00a0 Carolina Di Palma y Mariana Speroni<\/a><\/li>\n<li style=\"text-align: center;\"><a href=\"https:\/\/isfd52-bue.infd.edu.ar\/sitio\/wp-content\/uploads\/2018\/09\/flyer-final-26-publicar-2.jpg\" target=\"_blank\" rel=\"noopener\">\u00abConvergencia digital p\u00fablica infantil\u00bb &#8211; Interpelaci\u00f3n y reconocimiento de la cultura medi\u00e1tica en la convergencia digital p\u00fablica infantil\u00bb &#8211;\u00a0 Autora: Carolina Di Palma<\/a><\/li>\n<\/ul>\n<p>&nbsp;<\/p>\n<p>&nbsp;<\/p>\n<p>&nbsp;<\/p>\n<p>&nbsp;<\/p>\n<p>&nbsp;<\/p>\n","protected":false},"excerpt":{"rendered":"<p>Instituto Superior de Formaci\u00f3n Docente y T\u00e9cnica N\u00ba\u00a0 52 \u00abMaestro Francisco Isauro\u00a0 Arancibia\u00bb Proyecto institucional: \u00abHacia una nueva Pedagog\u00eda de la Formaci\u00f3n Propuestas para el desarrollo profesional docente aut\u00f3nomo\u00bb Actividades 2018 Clase abierta y Presentaci\u00f3n \u00a0\u00abNuevas formas de Biopoder e Infancias Contempor\u00e1neas: articulaciones on-off line de la subjetividad\u00bb Presentaci\u00f3n de los libros: \u00abQueremos aburrirnos\u00bb &#8211; &#8230; <a title=\"Jornada en el ISFDyT 52: \u00abNuevas formas de Biopoder e Infancias Contempor\u00e1neas: articulaciones on-off line de la subjetividad\u00bb 26 de setiembre de 2018\" class=\"read-more\" href=\"https:\/\/isfd52-bue.infd.edu.ar\/sitio\/jornada-en-el-isfdyt-52-nuevas-formas-de-biopoder-e-infancias-contemporaneas-articulaciones-on-off-line-de-la-subjetividad-26-de-setiembre-de-2018\/\" aria-label=\"More on Jornada en el ISFDyT 52: \u00abNuevas formas de Biopoder e Infancias Contempor\u00e1neas: articulaciones on-off line de la subjetividad\u00bb 26 de setiembre de 2018\">[+]<\/a><\/p>\n","protected":false},"author":477,"featured_media":0,"parent":0,"menu_order":0,"comment_status":"closed","ping_status":"closed","template":"","meta":[],"acf":[],"_links":{"self":[{"href":"https:\/\/isfd52-bue.infd.edu.ar\/sitio\/wp-json\/wp\/v2\/pages\/1783"}],"collection":[{"href":"https:\/\/isfd52-bue.infd.edu.ar\/sitio\/wp-json\/wp\/v2\/pages"}],"about":[{"href":"https:\/\/isfd52-bue.infd.edu.ar\/sitio\/wp-json\/wp\/v2\/types\/page"}],"author":[{"embeddable":true,"href":"https:\/\/isfd52-bue.infd.edu.ar\/sitio\/wp-json\/wp\/v2\/users\/477"}],"replies":[{"embeddable":true,"href":"https:\/\/isfd52-bue.infd.edu.ar\/sitio\/wp-json\/wp\/v2\/comments?post=1783"}],"version-history":[{"count":3,"href":"https:\/\/isfd52-bue.infd.edu.ar\/sitio\/wp-json\/wp\/v2\/pages\/1783\/revisions"}],"predecessor-version":[{"id":1789,"href":"https:\/\/isfd52-bue.infd.edu.ar\/sitio\/wp-json\/wp\/v2\/pages\/1783\/revisions\/1789"}],"wp:attachment":[{"href":"https:\/\/isfd52-bue.infd.edu.ar\/sitio\/wp-json\/wp\/v2\/media?parent=1783"}],"curies":[{"name":"wp","href":"https:\/\/api.w.org\/{rel}","templated":true}]}}