{"id":1776,"date":"2018-09-17T08:56:11","date_gmt":"2018-09-17T11:56:11","guid":{"rendered":"https:\/\/isfd52-bue.infd.edu.ar\/sitio\/?page_id=1776"},"modified":"2018-09-17T08:56:52","modified_gmt":"2018-09-17T11:56:52","slug":"las-practicas-de-evaluacion-y-su-aporte-a-la-formacion-docente-analisis-de-los-significados-que-docentes-y-estudiantes-de-2do-ano-de-los-profesorados-de-educacion-primaria-del-isfd-n-117-y-el","status":"publish","type":"page","link":"https:\/\/isfd52-bue.infd.edu.ar\/sitio\/investigaciones-y-publicaciones\/las-practicas-de-evaluacion-y-su-aporte-a-la-formacion-docente-analisis-de-los-significados-que-docentes-y-estudiantes-de-2do-ano-de-los-profesorados-de-educacion-primaria-del-isfd-n-117-y-el\/","title":{"rendered":"Las pr\u00e1cticas de evaluaci\u00f3n y su aporte a la formaci\u00f3n docente.  An\u00e1lisis de los significados que docentes y estudiantes de 2do a\u00f1o de los Profesorados de Educaci\u00f3n Primaria del ISFD N\u00b0 117 y el ISFDyT N\u00b0 52 atribuyen a las pr\u00e1cticas de evaluaci\u00f3n"},"content":{"rendered":"<p><strong>Proyecto n\u00b0 2182 <\/strong><\/p>\n<p>Esta investigaci\u00f3n tiene como prop\u00f3sito dar cuenta de las pr\u00e1cticas de evaluaci\u00f3n y los sentidos que docentes y alumnas del Profesorado de Educaci\u00f3n Primaria atribuyen a las mismas en dos\u00a0 instituciones de formaci\u00f3n docente de la provincia de Buenos Aires.<\/p>\n<p><a href=\"https:\/\/isfd52-bue.infd.edu.ar\/sitio\/wp-content\/uploads\/2018\/09\/informe-final-de-investigaci\u00f3n-2182-sin-anexo.docx\" target=\"_blank\" rel=\"noopener\">Trabajo de Investigaci\u00f3n<\/a><\/p>\n","protected":false},"excerpt":{"rendered":"<p>Proyecto n\u00b0 2182 Esta investigaci\u00f3n tiene como prop\u00f3sito dar cuenta de las pr\u00e1cticas de evaluaci\u00f3n y los sentidos que docentes y alumnas del Profesorado de Educaci\u00f3n Primaria atribuyen a las mismas en dos\u00a0 instituciones de formaci\u00f3n docente de la provincia de Buenos Aires. Trabajo de Investigaci\u00f3n<\/p>\n","protected":false},"author":477,"featured_media":0,"parent":1651,"menu_order":1,"comment_status":"closed","ping_status":"closed","template":"","meta":[],"acf":[],"_links":{"self":[{"href":"https:\/\/isfd52-bue.infd.edu.ar\/sitio\/wp-json\/wp\/v2\/pages\/1776"}],"collection":[{"href":"https:\/\/isfd52-bue.infd.edu.ar\/sitio\/wp-json\/wp\/v2\/pages"}],"about":[{"href":"https:\/\/isfd52-bue.infd.edu.ar\/sitio\/wp-json\/wp\/v2\/types\/page"}],"author":[{"embeddable":true,"href":"https:\/\/isfd52-bue.infd.edu.ar\/sitio\/wp-json\/wp\/v2\/users\/477"}],"replies":[{"embeddable":true,"href":"https:\/\/isfd52-bue.infd.edu.ar\/sitio\/wp-json\/wp\/v2\/comments?post=1776"}],"version-history":[{"count":1,"href":"https:\/\/isfd52-bue.infd.edu.ar\/sitio\/wp-json\/wp\/v2\/pages\/1776\/revisions"}],"predecessor-version":[{"id":1777,"href":"https:\/\/isfd52-bue.infd.edu.ar\/sitio\/wp-json\/wp\/v2\/pages\/1776\/revisions\/1777"}],"up":[{"embeddable":true,"href":"https:\/\/isfd52-bue.infd.edu.ar\/sitio\/wp-json\/wp\/v2\/pages\/1651"}],"wp:attachment":[{"href":"https:\/\/isfd52-bue.infd.edu.ar\/sitio\/wp-json\/wp\/v2\/media?parent=1776"}],"curies":[{"name":"wp","href":"https:\/\/api.w.org\/{rel}","templated":true}]}}