{"id":1706,"date":"2018-08-31T13:54:03","date_gmt":"2018-08-31T16:54:03","guid":{"rendered":"https:\/\/isfd52-bue.infd.edu.ar\/sitio\/?page_id=1706"},"modified":"2018-08-31T13:59:04","modified_gmt":"2018-08-31T16:59:04","slug":"1706-2","status":"publish","type":"page","link":"https:\/\/isfd52-bue.infd.edu.ar\/sitio\/canales-de-youtube\/1706-2\/","title":{"rendered":"Arte y Educaci\u00f3n"},"content":{"rendered":"<p>En este link encontrar\u00e1n las producciones de lxs estudiantes del ISFDyT 52 que cursan Arte y Educaci\u00f3n del Profesorado de Educaci\u00f3n Primaria a cargo de la Profesora Gabriela Pirolo:<\/p>\n<p><a href=\"https:\/\/www.youtube.com\/channel\/UCyVHAc2m6KPrRQduMbpxeag\" target=\"_blank\" rel=\"noopener\">Arte y Educaci\u00f3n ISFDyT 52<\/a><\/p>\n","protected":false},"excerpt":{"rendered":"<p>En este link encontrar\u00e1n las producciones de lxs estudiantes del ISFDyT 52 que cursan Arte y Educaci\u00f3n del Profesorado de Educaci\u00f3n Primaria a cargo de la Profesora Gabriela Pirolo: Arte y Educaci\u00f3n ISFDyT 52<\/p>\n","protected":false},"author":477,"featured_media":0,"parent":1700,"menu_order":0,"comment_status":"closed","ping_status":"closed","template":"","meta":[],"acf":[],"_links":{"self":[{"href":"https:\/\/isfd52-bue.infd.edu.ar\/sitio\/wp-json\/wp\/v2\/pages\/1706"}],"collection":[{"href":"https:\/\/isfd52-bue.infd.edu.ar\/sitio\/wp-json\/wp\/v2\/pages"}],"about":[{"href":"https:\/\/isfd52-bue.infd.edu.ar\/sitio\/wp-json\/wp\/v2\/types\/page"}],"author":[{"embeddable":true,"href":"https:\/\/isfd52-bue.infd.edu.ar\/sitio\/wp-json\/wp\/v2\/users\/477"}],"replies":[{"embeddable":true,"href":"https:\/\/isfd52-bue.infd.edu.ar\/sitio\/wp-json\/wp\/v2\/comments?post=1706"}],"version-history":[{"count":3,"href":"https:\/\/isfd52-bue.infd.edu.ar\/sitio\/wp-json\/wp\/v2\/pages\/1706\/revisions"}],"predecessor-version":[{"id":2528,"href":"https:\/\/isfd52-bue.infd.edu.ar\/sitio\/wp-json\/wp\/v2\/pages\/1706\/revisions\/2528"}],"up":[{"embeddable":true,"href":"https:\/\/isfd52-bue.infd.edu.ar\/sitio\/wp-json\/wp\/v2\/pages\/1700"}],"wp:attachment":[{"href":"https:\/\/isfd52-bue.infd.edu.ar\/sitio\/wp-json\/wp\/v2\/media?parent=1706"}],"curies":[{"name":"wp","href":"https:\/\/api.w.org\/{rel}","templated":true}]}}