{"id":1585,"date":"2018-08-29T18:47:54","date_gmt":"2018-08-29T21:47:54","guid":{"rendered":"https:\/\/isfd52-bue.infd.edu.ar\/sitio\/jornada-del-profesorado-de-economia-31-de-agosto-19-30-hs-sede-rivadavia-todo-lo-que-quisiste-saber-sobre-los-numeros-del-pais-y-nunca-te-animaste-a-preguntar-o-te-lo-ocultaron-a\/"},"modified":"2018-08-29T18:47:54","modified_gmt":"2018-08-29T21:47:54","slug":"jornada-del-profesorado-de-economia-31-de-agosto-19-30-hs-sede-rivadavia-todo-lo-que-quisiste-saber-sobre-los-numeros-del-pais-y-nunca-te-animaste-a-preguntar-o-te-lo-ocultaron-a","status":"publish","type":"page","link":"https:\/\/isfd52-bue.infd.edu.ar\/sitio\/jornada-del-profesorado-de-economia-31-de-agosto-19-30-hs-sede-rivadavia-todo-lo-que-quisiste-saber-sobre-los-numeros-del-pais-y-nunca-te-animaste-a-preguntar-o-te-lo-ocultaron-a\/","title":{"rendered":"Jornada del Profesorado de Econom\u00eda: 31 de agosto 19.30 hs sede Rivadavia  &quot;TODO LO QUE QUISISTE SABER SOBRE LOS N\u00daMEROS DEL PA\u00cdS, Y NUNCA TE ANIMASTE A PREGUNTAR&#8230;O TE LO OCULTARON&#8230;&quot;  -Actualidad Macroecon\u00f3mica de la Argentina-"},"content":{"rendered":"<p style=\"text-align: center;\"><span style=\"font-size: 12pt;\">Instituto Superior de Formaci&oacute;n Docente y T&eacute;cnica N&ordm;&nbsp; 52<\/span><\/p>\n<p style=\"text-align: center;\"><span style=\"font-size: 12pt;\">\u00abMaestro Francisco Isauro&nbsp; Arancibia\u00bb<\/span><\/p>\n<p style=\"text-align: center;\"><span style=\"font-size: 12pt;\">Proyecto institucional:<\/span><\/p>\n<p style=\"text-align: center;\"><span style=\"font-size: 12pt;\"><strong>\u00abHacia una nueva Pedagog&iacute;a de la Formaci&oacute;n<\/strong><\/span><\/p>\n<p style=\"text-align: center;\"><span style=\"font-size: 12pt;\"><strong><em>Propuestas para el desarrollo profesional docente aut&oacute;nomo\u00bb<\/em><\/strong><\/span><\/p>\n<p style=\"text-align: center;\"><span style=\"font-size: 12pt;\">Actividades&nbsp;Agosto 2018<\/span><\/p>\n<p style=\"text-align: center;\">&nbsp;<\/p>\n<table style=\"margin-left: auto; margin-right: auto; width: 485px; height: 240px;\" border=\"1\" cellspacing=\"0\" cellpadding=\"0\">\n<tbody>\n<tr>\n<td style=\"width: 128px;\" valign=\"top\">\n<p><span style=\"font-size: 10pt;\"><strong><span style=\"font-size: 12pt;\">Viernes 31 de&nbsp;agosto 19.30 hs<\/span><br \/><\/strong><\/span><\/p>\n<p><span style=\"font-size: 10pt;\"><strong>&nbsp;<\/strong><\/span><\/p>\n<\/td>\n<td style=\"width: 353px;\" valign=\"top\">\n<p style=\"text-align: center;\"><span style=\"font-size: 14pt;\">&nbsp;<span style=\"color: #0000ff;\"><strong>Charla del Profesorado de Econom&iacute;a (abierta a otras carreras)<\/strong><\/span><\/span><\/p>\n<p style=\"text-align: center;\"><span style=\"background-color: #00ffff;\"><span style=\"font-size: 10pt;\">&nbsp;<\/span><span style=\"font-size: 12pt;\"><strong>\u00abTODO LO QUE QUISISTE SABER SOBRE LOS N&Uacute;MEROS DEL PA&Iacute;S, Y NUNCA TE ANIMASTE A PREGUNTAR&#8230;O TE LO OCULTARON&#8230;\u00bb<\/strong><\/span><\/span><\/p>\n<p><span style=\"font-size: 12pt;\"><strong>-Actualidad Macroecon&oacute;mica de la Argentina-&nbsp;<\/strong><\/span><\/p>\n<p><span style=\"font-size: 12pt;\"><em><strong>Invitada: Magister EVA SACCO<\/strong><\/em><\/span><\/p>\n<p><span style=\"font-size: 12pt;\"><em><strong>de CEPA &#8211; Centro de Econom&iacute;a Pol&iacute;tica Argentina<\/strong><\/em><\/span><\/p>\n<p><span style=\"font-size: 12pt;\"><em><strong>Sobre nuestra invitada:<\/strong><\/em><\/span><\/p>\n<h3 class=\"wk-panel-title\"><span style=\"font-size: 12pt;\"><strong>Eva Sacco<\/strong><\/span><\/h3>\n<div class=\"wk-margin\"><span style=\"font-size: 12pt;\"><em>Licenciada en Econom&iacute;a Universidad de Buenos Aires (UBA). Magister en Econometr&iacute;a, Universidad Torcuato Di Tella (UTDT). Magister en Desarrollo Econ&oacute;mico, Instituto de Altos Estudios Sociales de la Universidad Nacional de San Mart&iacute;n (IDAES-UNSAM). Docente universitaria. Integrante del Programa Agenda Compartida, Pol&iacute;ticas P&uacute;blicas para el Fortalecimiento de la Democracia y Direcci&oacute;n de Planificaci&oacute;n de la Gesti&oacute;n dependientes de la Universidad Nacional de Lan&uacute;s (UNLa).<\/em><\/span><\/div>\n<\/td>\n<\/tr>\n<\/tbody>\n<\/table>\n<p style=\"text-align: center;\"><span style=\"font-size: 10pt;\"><strong>&nbsp;<span style=\"font-size: 12pt;\">Entrada libre, no requiere inscripci&oacute;n previa<\/span><\/strong><\/span><\/p>\n<p style=\"text-align: center;\"><span style=\"font-size: 12pt;\"><strong>Se otorgar&aacute;n certificados de asistencia y participaci&oacute;n<\/strong><\/span><\/p>\n<p style=\"text-align: center;\"><span style=\"font-size: 12pt;\"><strong>Lugar:&nbsp;Rivadavia&nbsp;349, San Isidro<\/strong><\/span><\/p>\n<p style=\"text-align: center;\"><span style=\"font-size: 12pt;\"><strong>Consultas: pedagogiadelaformacion52@gmail.com<\/strong><\/span><\/p><\/p>\n","protected":false},"excerpt":{"rendered":"<p>Instituto Superior de Formaci&oacute;n Docente y T&eacute;cnica N&ordm;&nbsp; 52 \u00abMaestro Francisco Isauro&nbsp; Arancibia\u00bb Proyecto institucional: \u00abHacia una nueva Pedagog&iacute;a de la Formaci&oacute;n Propuestas para el desarrollo profesional docente aut&oacute;nomo\u00bb Actividades&nbsp;Agosto 2018 &nbsp; Viernes 31 de&nbsp;agosto 19.30 hs &nbsp; &nbsp;Charla del Profesorado de Econom&iacute;a (abierta a otras carreras) &nbsp;\u00abTODO LO QUE QUISISTE SABER SOBRE LOS N&Uacute;MEROS &#8230; <a title=\"Jornada del Profesorado de Econom\u00eda: 31 de agosto 19.30 hs sede Rivadavia  &quot;TODO LO QUE QUISISTE SABER SOBRE LOS N\u00daMEROS DEL PA\u00cdS, Y NUNCA TE ANIMASTE A PREGUNTAR&#8230;O TE LO OCULTARON&#8230;&quot;  -Actualidad Macroecon\u00f3mica de la Argentina-\" class=\"read-more\" href=\"https:\/\/isfd52-bue.infd.edu.ar\/sitio\/jornada-del-profesorado-de-economia-31-de-agosto-19-30-hs-sede-rivadavia-todo-lo-que-quisiste-saber-sobre-los-numeros-del-pais-y-nunca-te-animaste-a-preguntar-o-te-lo-ocultaron-a\/\" aria-label=\"More on Jornada del Profesorado de Econom\u00eda: 31 de agosto 19.30 hs sede Rivadavia  &quot;TODO LO QUE QUISISTE SABER SOBRE LOS N\u00daMEROS DEL PA\u00cdS, Y NUNCA TE ANIMASTE A PREGUNTAR&#8230;O TE LO OCULTARON&#8230;&quot;  -Actualidad Macroecon\u00f3mica de la Argentina-\">[+]<\/a><\/p>\n","protected":false},"author":477,"featured_media":0,"parent":0,"menu_order":0,"comment_status":"closed","ping_status":"closed","template":"","meta":[],"acf":[],"_links":{"self":[{"href":"https:\/\/isfd52-bue.infd.edu.ar\/sitio\/wp-json\/wp\/v2\/pages\/1585"}],"collection":[{"href":"https:\/\/isfd52-bue.infd.edu.ar\/sitio\/wp-json\/wp\/v2\/pages"}],"about":[{"href":"https:\/\/isfd52-bue.infd.edu.ar\/sitio\/wp-json\/wp\/v2\/types\/page"}],"author":[{"embeddable":true,"href":"https:\/\/isfd52-bue.infd.edu.ar\/sitio\/wp-json\/wp\/v2\/users\/477"}],"replies":[{"embeddable":true,"href":"https:\/\/isfd52-bue.infd.edu.ar\/sitio\/wp-json\/wp\/v2\/comments?post=1585"}],"version-history":[{"count":0,"href":"https:\/\/isfd52-bue.infd.edu.ar\/sitio\/wp-json\/wp\/v2\/pages\/1585\/revisions"}],"wp:attachment":[{"href":"https:\/\/isfd52-bue.infd.edu.ar\/sitio\/wp-json\/wp\/v2\/media?parent=1585"}],"curies":[{"name":"wp","href":"https:\/\/api.w.org\/{rel}","templated":true}]}}