{"id":1566,"date":"2018-08-29T18:47:46","date_gmt":"2018-08-29T21:47:46","guid":{"rendered":"https:\/\/isfd52-bue.infd.edu.ar\/sitio\/jornada-de-presentacion-de-proyectos-2018-del-profesorado-tecnico\/"},"modified":"2018-10-03T14:26:28","modified_gmt":"2018-10-03T17:26:28","slug":"jornada-de-presentacion-de-proyectos-2018-del-profesorado-tecnico","status":"publish","type":"page","link":"https:\/\/isfd52-bue.infd.edu.ar\/sitio\/jornada-de-presentacion-de-proyectos-2018-del-profesorado-tecnico\/","title":{"rendered":"Cuarta Jornada de Presentaci\u00f3n de proyectos del Profesorado T\u00e9cnico &#8211; 10 de octubre de 2018"},"content":{"rendered":"<p style=\"text-align: center;\">Instituto Superior de Formaci\u00f3n Docente y T\u00e9cnica N\u00ba\u00a0 52<\/p>\n<p style=\"text-align: center;\">\u201cMaestro Francisco Isauro\u00a0 Arancibia\u201d<\/p>\n<p style=\"text-align: center;\">Proyecto institucional:<\/p>\n<p style=\"text-align: center;\"><strong>\u201cHacia una nueva Pedagog\u00eda de la Formaci\u00f3n<\/strong><\/p>\n<p style=\"text-align: center;\"><strong><em>Propuestas para el desarrollo profesional docente aut\u00f3nomo\u201d<\/em><\/strong><\/p>\n<p style=\"text-align: center;\">Actividades Octubre 2018<\/p>\n<p style=\"text-align: center;\"><strong>Jornada de Presentaci\u00f3n de proyectos 2018 del Profesorado T\u00e9cnico<\/strong>.<\/p>\n<p style=\"text-align: center;\">Organizan docentes y estudiantes del Profesorado T\u00e9cnico.<\/p>\n<p style=\"text-align: center;\"><strong>Mi\u00e9rcoles 10 de octubre de 18 a 21.30 hs en sede Rivadavia<\/strong><\/p>\n<p style=\"text-align: center;\">\u00a0Entrada libre, no requiere inscripci\u00f3n previa<\/p>\n<p style=\"text-align: center;\">Se otorgar\u00e1n certificados de asistencia y participaci\u00f3n<\/p>\n<p style=\"text-align: center;\">Lugar:\u00a0Rivadavia\u00a0349, San Isidro<\/p>\n<p style=\"text-align: center;\">Consultas: pedagogiadelaformacion52@gmail.com<\/p>\n","protected":false},"excerpt":{"rendered":"<p>Instituto Superior de Formaci\u00f3n Docente y T\u00e9cnica N\u00ba\u00a0 52 \u201cMaestro Francisco Isauro\u00a0 Arancibia\u201d Proyecto institucional: \u201cHacia una nueva Pedagog\u00eda de la Formaci\u00f3n Propuestas para el desarrollo profesional docente aut\u00f3nomo\u201d Actividades Octubre 2018 Jornada de Presentaci\u00f3n de proyectos 2018 del Profesorado T\u00e9cnico. Organizan docentes y estudiantes del Profesorado T\u00e9cnico. Mi\u00e9rcoles 10 de octubre de 18 a &#8230; <a title=\"Cuarta Jornada de Presentaci\u00f3n de proyectos del Profesorado T\u00e9cnico &#8211; 10 de octubre de 2018\" class=\"read-more\" href=\"https:\/\/isfd52-bue.infd.edu.ar\/sitio\/jornada-de-presentacion-de-proyectos-2018-del-profesorado-tecnico\/\" aria-label=\"More on Cuarta Jornada de Presentaci\u00f3n de proyectos del Profesorado T\u00e9cnico &#8211; 10 de octubre de 2018\">[+]<\/a><\/p>\n","protected":false},"author":477,"featured_media":0,"parent":0,"menu_order":0,"comment_status":"closed","ping_status":"closed","template":"","meta":[],"acf":[],"_links":{"self":[{"href":"https:\/\/isfd52-bue.infd.edu.ar\/sitio\/wp-json\/wp\/v2\/pages\/1566"}],"collection":[{"href":"https:\/\/isfd52-bue.infd.edu.ar\/sitio\/wp-json\/wp\/v2\/pages"}],"about":[{"href":"https:\/\/isfd52-bue.infd.edu.ar\/sitio\/wp-json\/wp\/v2\/types\/page"}],"author":[{"embeddable":true,"href":"https:\/\/isfd52-bue.infd.edu.ar\/sitio\/wp-json\/wp\/v2\/users\/477"}],"replies":[{"embeddable":true,"href":"https:\/\/isfd52-bue.infd.edu.ar\/sitio\/wp-json\/wp\/v2\/comments?post=1566"}],"version-history":[{"count":2,"href":"https:\/\/isfd52-bue.infd.edu.ar\/sitio\/wp-json\/wp\/v2\/pages\/1566\/revisions"}],"predecessor-version":[{"id":1822,"href":"https:\/\/isfd52-bue.infd.edu.ar\/sitio\/wp-json\/wp\/v2\/pages\/1566\/revisions\/1822"}],"wp:attachment":[{"href":"https:\/\/isfd52-bue.infd.edu.ar\/sitio\/wp-json\/wp\/v2\/media?parent=1566"}],"curies":[{"name":"wp","href":"https:\/\/api.w.org\/{rel}","templated":true}]}}