{"id":1564,"date":"2018-08-29T18:47:45","date_gmt":"2018-08-29T21:47:45","guid":{"rendered":"https:\/\/isfd52-bue.infd.edu.ar\/sitio\/jornada-anual-2018-del-profesorado-de-ingles\/"},"modified":"2018-09-26T09:27:54","modified_gmt":"2018-09-26T12:27:54","slug":"jornada-anual-2018-del-profesorado-de-ingles","status":"publish","type":"page","link":"https:\/\/isfd52-bue.infd.edu.ar\/sitio\/jornada-anual-2018-del-profesorado-de-ingles\/","title":{"rendered":"Jornada Anual 2018 del Profesorado de Ingl\u00e9s"},"content":{"rendered":"<p>&nbsp;<\/p>\n<p style=\"text-align: center;\">Instituto Superior de Formaci\u00f3n Docente y T\u00e9cnica N\u00ba\u00a0 52<\/p>\n<p style=\"text-align: center;\">\u201cMaestro Francisco Isauro\u00a0 Arancibia\u201d<\/p>\n<p style=\"text-align: center;\">Proyecto institucional:<\/p>\n<p style=\"text-align: center;\"><strong>\u201cHacia una nueva Pedagog\u00eda de la Formaci\u00f3n<\/strong><\/p>\n<p style=\"text-align: center;\"><strong><em>Propuestas para el desarrollo profesional docente aut\u00f3nomo\u201d<\/em><\/strong><\/p>\n<p style=\"text-align: center;\">Actividades 2018<\/p>\n<p>&nbsp;<\/p>\n<p style=\"text-align: center;\"><a href=\"https:\/\/isfd52-bue.infd.edu.ar\/sitio\/wp-content\/uploads\/2018\/09\/jornada-ingl\u00e9s-2018.pdf\" target=\"_blank\" rel=\"noopener\"><strong>Jornada Anual del Profesorado de Ingl\u00e9s &#8211;\u00a0 29 de setiembre de 2018<\/strong><\/a><\/p>\n<p>&nbsp;<\/p>\n","protected":false},"excerpt":{"rendered":"<p>&nbsp; Instituto Superior de Formaci\u00f3n Docente y T\u00e9cnica N\u00ba\u00a0 52 \u201cMaestro Francisco Isauro\u00a0 Arancibia\u201d Proyecto institucional: \u201cHacia una nueva Pedagog\u00eda de la Formaci\u00f3n Propuestas para el desarrollo profesional docente aut\u00f3nomo\u201d Actividades 2018 &nbsp; Jornada Anual del Profesorado de Ingl\u00e9s &#8211;\u00a0 29 de setiembre de 2018 &nbsp;<\/p>\n","protected":false},"author":477,"featured_media":0,"parent":0,"menu_order":0,"comment_status":"closed","ping_status":"closed","template":"","meta":[],"acf":[],"_links":{"self":[{"href":"https:\/\/isfd52-bue.infd.edu.ar\/sitio\/wp-json\/wp\/v2\/pages\/1564"}],"collection":[{"href":"https:\/\/isfd52-bue.infd.edu.ar\/sitio\/wp-json\/wp\/v2\/pages"}],"about":[{"href":"https:\/\/isfd52-bue.infd.edu.ar\/sitio\/wp-json\/wp\/v2\/types\/page"}],"author":[{"embeddable":true,"href":"https:\/\/isfd52-bue.infd.edu.ar\/sitio\/wp-json\/wp\/v2\/users\/477"}],"replies":[{"embeddable":true,"href":"https:\/\/isfd52-bue.infd.edu.ar\/sitio\/wp-json\/wp\/v2\/comments?post=1564"}],"version-history":[{"count":2,"href":"https:\/\/isfd52-bue.infd.edu.ar\/sitio\/wp-json\/wp\/v2\/pages\/1564\/revisions"}],"predecessor-version":[{"id":1810,"href":"https:\/\/isfd52-bue.infd.edu.ar\/sitio\/wp-json\/wp\/v2\/pages\/1564\/revisions\/1810"}],"wp:attachment":[{"href":"https:\/\/isfd52-bue.infd.edu.ar\/sitio\/wp-json\/wp\/v2\/media?parent=1564"}],"curies":[{"name":"wp","href":"https:\/\/api.w.org\/{rel}","templated":true}]}}