{"id":1549,"date":"2018-08-29T18:47:40","date_gmt":"2018-08-29T21:47:40","guid":{"rendered":"https:\/\/isfd52-bue.infd.edu.ar\/sitio\/nuevo-diseno-curricular-profesorado-de-ingles-2018\/"},"modified":"2024-12-30T10:59:27","modified_gmt":"2024-12-30T13:59:27","slug":"nuevo-diseno-curricular-profesorado-de-ingles-2018","status":"publish","type":"page","link":"https:\/\/isfd52-bue.infd.edu.ar\/sitio\/nuevo-diseno-curricular-profesorado-de-ingles-2018\/","title":{"rendered":"Dise\u00f1o Curricular Profesorado de Ingl\u00e9s Resoluci\u00f3n 1860\/17"},"content":{"rendered":"<p>En el siguiente link pueden acceder al dise\u00f1o curricular del Profesorado de Ingl\u00e9s del a\u00f1o 2018<\/p>\n<p><a title=\"anexo dise\u00f1o ingl\u00e9s 2017\" href=\"upload\/anexo_disen_o_ingles.pdf\" target=\"_blank\" rel=\"noopener\">Nuevo Dise\u00f1o Curricular Profesorado de Ingl\u00e9s<\/a><\/p>\n<p><a title=\"Res ingl\u00e9s 2017\" href=\"upload\/Res_5802_1720321_17_ingles.pdf\" target=\"_blank\" rel=\"noopener\">Resoluci\u00f3n de creaci\u00f3n<\/a><\/p>\n<p><a title=\"anexo materias por a\u00f1o ingl\u00e9s\" href=\"upload\/anexo_ingles_caja_curricular.pdf\" target=\"_blank\" rel=\"noopener\">Anexo materias por a\u00f1o<\/a><\/p>\n<p><a title=\"anexo curso inicial ingl\u00e9s\" href=\"upload\/anexo_curso_inicial_ingles.pdf\" target=\"_blank\" rel=\"noopener\">Anexo Curso Inicial<\/a><\/p>\n<p><a title=\"anexo apto fono ingl\u00e9s\" href=\"upload\/anexo_apto_fono_ingles.pdf\" target=\"_blank\" rel=\"noopener\">Anexo Apto Fonoaudiol\u00f3gico<\/a><\/p>\n","protected":false},"excerpt":{"rendered":"<p>En el siguiente link pueden acceder al dise\u00f1o curricular del Profesorado de Ingl\u00e9s del a\u00f1o 2018 Nuevo Dise\u00f1o Curricular Profesorado de Ingl\u00e9s Resoluci\u00f3n de creaci\u00f3n Anexo materias por a\u00f1o Anexo Curso Inicial Anexo Apto Fonoaudiol\u00f3gico<\/p>\n","protected":false},"author":477,"featured_media":0,"parent":0,"menu_order":0,"comment_status":"closed","ping_status":"closed","template":"","meta":[],"acf":[],"_links":{"self":[{"href":"https:\/\/isfd52-bue.infd.edu.ar\/sitio\/wp-json\/wp\/v2\/pages\/1549"}],"collection":[{"href":"https:\/\/isfd52-bue.infd.edu.ar\/sitio\/wp-json\/wp\/v2\/pages"}],"about":[{"href":"https:\/\/isfd52-bue.infd.edu.ar\/sitio\/wp-json\/wp\/v2\/types\/page"}],"author":[{"embeddable":true,"href":"https:\/\/isfd52-bue.infd.edu.ar\/sitio\/wp-json\/wp\/v2\/users\/477"}],"replies":[{"embeddable":true,"href":"https:\/\/isfd52-bue.infd.edu.ar\/sitio\/wp-json\/wp\/v2\/comments?post=1549"}],"version-history":[{"count":1,"href":"https:\/\/isfd52-bue.infd.edu.ar\/sitio\/wp-json\/wp\/v2\/pages\/1549\/revisions"}],"predecessor-version":[{"id":5171,"href":"https:\/\/isfd52-bue.infd.edu.ar\/sitio\/wp-json\/wp\/v2\/pages\/1549\/revisions\/5171"}],"wp:attachment":[{"href":"https:\/\/isfd52-bue.infd.edu.ar\/sitio\/wp-json\/wp\/v2\/media?parent=1549"}],"curies":[{"name":"wp","href":"https:\/\/api.w.org\/{rel}","templated":true}]}}