{"id":1263,"date":"2018-08-29T18:45:41","date_gmt":"2018-08-29T21:45:41","guid":{"rendered":"https:\/\/isfd52-bue.infd.edu.ar\/sitio\/ubicacion-y-horarios-de-sedes\/"},"modified":"2025-07-02T21:43:51","modified_gmt":"2025-07-03T00:43:51","slug":"ubicacion-y-horarios-de-sedes","status":"publish","type":"page","link":"https:\/\/isfd52-bue.infd.edu.ar\/sitio\/ubicacion-y-horarios-de-sedes\/","title":{"rendered":"Ubicaci\u00f3n y horarios de Sedes"},"content":{"rendered":"\n<p class=\"has-text-align-center has-medium-font-size\"><span style=\"color: #000080;\"><span style=\"font-size: 12pt;\"><span style=\"text-decoration: underline;\"><strong><span style=\"font-family: arial,helvetica,sans-serif;\">UBICACI\u00d3N<\/span><\/strong><\/span><\/span><\/span><\/p>\n\n\n\n<p class=\"has-text-align-center has-contrast-color has-text-color has-medium-font-size\"><span style=\"font-size: 10pt;\"><span style=\"font-family: arial,helvetica,sans-serif;\"><strong>El ISFD y T N\u00ba\u00a0 52 posee\u00a0cuatro sedes dentro del distrito de San Isidro, donde se dictan diferentes carreras.<\/strong><\/span><\/span><\/p>\n\n\n\n<p><span style=\"font-size: 10pt;\"><span style=\"font-family: arial,helvetica,sans-serif;\"><strong>SEDE RIVADAVIA:<\/strong>  Rivadavia 349, San Isidro. Se dictan las carreras de los Profesorados de Ingl\u00e9s y Educaci\u00f3n Primaria. El horario de funcionamiento es de lunes a viernes de 18: 00 a 22: 00 y los d\u00edas s\u00e1bados de 8 a 12:00 horas.\u00a0<\/span><\/span><\/p>\n\n\n\n<p><span style=\"font-size: 10pt;\"><span style=\"font-family: arial,helvetica,sans-serif;\"><strong>SEDE LOS CEIBOS:<\/strong> Los Ceibos 55, Boulogne. Se dicta la carrera del Profesorado de Educaci\u00f3n Primaria de lunes a viernes de 8 a 12:00 horas.<\/span><\/span><\/p>\n\n\n\n<p><span style=\"font-size: 10pt;\"><span style=\"font-family: arial,helvetica,sans-serif;\"><strong>SEDE YERBAL:<\/strong> Yerbal 50, Boulogne. Se dicta el Profesorado de Educaci\u00f3n Secundaria T\u00e9cnicoprofesional en electromec\u00e1nica. De lunes a viernes de 18 a 22.00 horas.<\/span><\/span><\/p>\n\n\n\n<p><span style=\"font-size: 10pt;\"><span style=\"font-family: arial,helvetica,sans-serif;\"><strong>SEDE MART\u00cdN Y OMAR:<\/strong> Mart\u00edn y Omar 221, San Isidro. Se dicata el Profesorado de Econom\u00eda y 3\u00ba y 4\u00ba a\u00f1o del Profesorado de Educaci\u00f3n Primaria TV. Los d\u00edas lunes a viernes de 18 a 22.00 hs<\/span><\/span><\/p>\n","protected":false},"excerpt":{"rendered":"<p>UBICACI\u00d3N El ISFD y T N\u00ba\u00a0 52 posee\u00a0cuatro sedes dentro del distrito de San Isidro, donde se dictan diferentes carreras. SEDE RIVADAVIA: Rivadavia 349, San Isidro. Se dictan las carreras de los Profesorados de Ingl\u00e9s y Educaci\u00f3n Primaria. El horario de funcionamiento es de lunes a viernes de 18: 00 a 22: 00 y los &#8230; <a title=\"Ubicaci\u00f3n y horarios de Sedes\" class=\"read-more\" href=\"https:\/\/isfd52-bue.infd.edu.ar\/sitio\/ubicacion-y-horarios-de-sedes\/\" aria-label=\"More on Ubicaci\u00f3n y horarios de Sedes\">[+]<\/a><\/p>\n","protected":false},"author":477,"featured_media":0,"parent":0,"menu_order":0,"comment_status":"closed","ping_status":"closed","template":"","meta":[],"acf":[],"_links":{"self":[{"href":"https:\/\/isfd52-bue.infd.edu.ar\/sitio\/wp-json\/wp\/v2\/pages\/1263"}],"collection":[{"href":"https:\/\/isfd52-bue.infd.edu.ar\/sitio\/wp-json\/wp\/v2\/pages"}],"about":[{"href":"https:\/\/isfd52-bue.infd.edu.ar\/sitio\/wp-json\/wp\/v2\/types\/page"}],"author":[{"embeddable":true,"href":"https:\/\/isfd52-bue.infd.edu.ar\/sitio\/wp-json\/wp\/v2\/users\/477"}],"replies":[{"embeddable":true,"href":"https:\/\/isfd52-bue.infd.edu.ar\/sitio\/wp-json\/wp\/v2\/comments?post=1263"}],"version-history":[{"count":3,"href":"https:\/\/isfd52-bue.infd.edu.ar\/sitio\/wp-json\/wp\/v2\/pages\/1263\/revisions"}],"predecessor-version":[{"id":5315,"href":"https:\/\/isfd52-bue.infd.edu.ar\/sitio\/wp-json\/wp\/v2\/pages\/1263\/revisions\/5315"}],"wp:attachment":[{"href":"https:\/\/isfd52-bue.infd.edu.ar\/sitio\/wp-json\/wp\/v2\/media?parent=1263"}],"curies":[{"name":"wp","href":"https:\/\/api.w.org\/{rel}","templated":true}]}}