{"id":1259,"date":"2018-08-29T18:45:39","date_gmt":"2018-08-29T21:45:39","guid":{"rendered":"https:\/\/isfd52-bue.infd.edu.ar\/sitio\/autoridades\/"},"modified":"2026-03-07T04:11:45","modified_gmt":"2026-03-07T07:11:45","slug":"autoridades","status":"publish","type":"page","link":"https:\/\/isfd52-bue.infd.edu.ar\/sitio\/autoridades\/","title":{"rendered":"Autoridades"},"content":{"rendered":"<p><span style=\"color: #0000ff;\"><strong><u>EQUIPO DE CONDUCCI\u00d3N<\/u><\/strong><\/span><\/p>\n<p><span style=\"color: #0000ff;\"><strong>Claudia G\u00f3mez\u00a0 (<\/strong><strong>Directora)<\/strong><\/span><\/p>\n<p><span style=\"color: #0000ff;\"><strong>Beatriz D\u00edaz\u00a0 (<\/strong><strong>Vicedirectora)<\/strong><\/span><\/p>\n<p><span style=\"color: #0000ff;\"><strong>J\u00e9sica Decker\u00a0 (Regente)<\/strong><\/span><\/p>\n<p><span style=\"color: #0000ff;\"><strong>Marcela Santafe y Soriano\u00a0 <\/strong><strong>(Jefa de \u00c1rea del Profesorado de Ingl\u00e9s)<\/strong><\/span><\/p>\n<p><span style=\"color: #0000ff;\"><strong>Graciela Castello\u00a0 (Jefa de \u00c1rea del Profesorado de Educaci\u00f3n Primaria<\/strong><strong>)<\/strong><\/span><\/p>\n<h3 style=\"text-align: left;\"><\/h3>\n<h3><\/h3>\n<h3 class=\"MsoNormal\" style=\"margin: 6pt 0cm; text-align: left;\"><span style=\"color: #339966;\"><strong><span style=\"font-size: 10pt;\"><span style=\"font-size: 10pt;\"><span style=\"font-size: 10pt;\"><span style=\"font-size: 10pt;\">Apoyo docente<\/span> <\/span><\/span><\/span><\/strong><\/span><\/h3>\n<p class=\"MsoNormal\" style=\"margin: 6pt 0cm; text-align: justify;\"><span style=\"font-size: 10pt;\"><span style=\"font-size: 10pt;\"><span style=\"font-size: 10pt;\">Mercedes Cavaliere (Auxiliar Docente &#8211; Preceptora de Educaci\u00f3n Primaria en sede Los Ceibos)<br \/>\n<\/span><\/span><\/span><\/p>\n<p class=\"MsoNormal\" style=\"margin: 6pt 0cm; text-align: justify;\"><span style=\"font-size: 10pt;\"><span style=\"font-size: 10pt;\"><span style=\"font-size: 10pt;\">Dora Gramajo <\/span><\/span><\/span><span style=\"font-size: 10pt;\"><span style=\"font-size: 10pt;\"><span style=\"font-size: 10pt;\">(Auxiliar Docente &#8211; T\u00edtulos )<\/span><\/span><\/span><\/p>\n<p class=\"MsoNormal\" style=\"margin: 6pt 0cm; text-align: justify;\"><span style=\"font-size: 10pt;\"><span style=\"font-size: 10pt;\"><span style=\"font-size: 10pt;\">Nora Martinez <span style=\"font-size: 10pt;\"><span style=\"font-size: 10pt;\"><span style=\"font-size: 10pt;\">(Auxiliar Docente &#8211; Preceptora de carrera Ingl\u00e9s en sede Rivadavia)<\/span><\/span><\/span><\/span><\/span><\/span><\/p>\n<p class=\"MsoNormal\" style=\"margin: 6pt 0cm; text-align: justify;\"><span style=\"font-size: 10pt;\"><span style=\"font-size: 10pt;\"><span style=\"font-size: 10pt;\">M\u00f3nica Chachagua <span style=\"font-size: 10pt;\"><span style=\"font-size: 10pt;\"><span style=\"font-size: 10pt;\">(Auxiliar Docente &#8211;<span style=\"font-size: 10pt;\"><span style=\"font-size: 10pt;\"><span style=\"font-size: 10pt;\"><span style=\"font-size: 10pt;\"><span style=\"font-size: 10pt;\"><span style=\"font-size: 10pt;\">Preceptora de carrera Ingl\u00e9s en sede Rivadavia<\/span><\/span><\/span><\/span><\/span><\/span>)<\/span><\/span><\/span><\/span><\/span><\/span><\/p>\n<p class=\"MsoNormal\" style=\"margin: 6pt 0cm; text-align: justify;\"><span style=\"font-size: 10pt;\"><span style=\"font-size: 10pt;\"><span style=\"font-size: 10pt;\">Patricia Morales (<\/span><\/span><\/span><span style=\"font-size: 10pt;\"><span style=\"font-size: 10pt;\"><span style=\"font-size: 10pt;\">Auxiliar Docente &#8211; <span style=\"font-size: 10pt;\"><span style=\"font-size: 10pt;\"><span style=\"font-size: 10pt;\"><span style=\"font-size: 10pt;\"><span style=\"font-size: 10pt;\"><span style=\"font-size: 10pt;\">Preceptora del Profesorado T\u00e9cnico en sede Yerbal<\/span><\/span><\/span><\/span><\/span><\/span>)<\/span><\/span><\/span><\/p>\n<p class=\"MsoNormal\" style=\"margin: 6pt 0cm; text-align: justify;\"><span style=\"font-size: 10pt;\"><span style=\"font-size: 10pt;\"><span style=\"font-size: 10pt;\">Mart\u00edn Zankel (Auxiliar Docente &#8211; Preceptor de Econom\u00eda en sede Mart\u00edn y Omar <\/span><\/span><span style=\"font-size: 10pt;\"><span style=\"font-size: 10pt;\"><span style=\"font-size: 10pt;\">)<\/span><\/span><\/span><\/span><\/p>\n<p class=\"MsoNormal\" style=\"margin: 6pt 0cm; text-align: justify;\"><span style=\"font-size: 10pt;\"><span style=\"font-size: 10pt;\"><span style=\"font-size: 10pt;\">Donata Recanatini <span style=\"font-size: 10pt;\"><span style=\"font-size: 10pt;\"><span style=\"font-size: 10pt;\">(<\/span><\/span><\/span><span style=\"font-size: 10pt;\"><span style=\"font-size: 10pt;\"><span style=\"font-size: 10pt;\"><span style=\"font-size: 10pt;\"><span style=\"font-size: 10pt;\"><span style=\"font-size: 10pt;\">Auxiliar Docente &#8211; T\u00edtulos, Asociaci\u00f3n Cooperadora, Atenci\u00f3n Departamento de Docentes<\/span><\/span><\/span>)<\/span><\/span><\/span><\/span><\/span><\/span><\/p>\n<p><span style=\"font-size: 10pt;\">Miriam Alba (Auxiliar Docente &#8211; T\u00edtulos &#8211; <span style=\"font-size: 10pt;\"><span style=\"font-size: 10pt;\"><span style=\"font-size: 10pt;\"><span style=\"font-size: 10pt;\"><span style=\"font-size: 10pt;\"><span style=\"font-size: 10pt;\"><span style=\"font-size: 10pt;\">Preceptora de Educaci\u00f3n Primaria en sede Rivadavia<\/span><\/span><\/span>)<\/span><\/span><\/span><\/span><\/span><\/p>\n<p><span style=\"font-size: 10pt;\">Gustavo Torelli (Auxiliar Docente &#8211; Preceptor de Educaci\u00f3n Primaria en sede Rivadavia)<\/span><\/p>\n<p><span style=\"font-size: 10pt;\">Fanny Arga\u00f1ar\u00e1z (Auxiliar Docente &#8211; Preceptora de Educaci\u00f3n Primaria en sede Mart\u00edn y Omar)<\/span><\/p>\n<p class=\"MsoNormal\" style=\"margin: 6pt 0cm; text-align: justify;\">\n","protected":false},"excerpt":{"rendered":"<p>EQUIPO DE CONDUCCI\u00d3N Claudia G\u00f3mez\u00a0 (Directora) Beatriz D\u00edaz\u00a0 (Vicedirectora) J\u00e9sica Decker\u00a0 (Regente) Marcela Santafe y Soriano\u00a0 (Jefa de \u00c1rea del Profesorado de Ingl\u00e9s) Graciela Castello\u00a0 (Jefa de \u00c1rea del Profesorado de Educaci\u00f3n Primaria) Apoyo docente Mercedes Cavaliere (Auxiliar Docente &#8211; Preceptora de Educaci\u00f3n Primaria en sede Los Ceibos) Dora Gramajo (Auxiliar Docente &#8211; T\u00edtulos ) &#8230; <a title=\"Autoridades\" class=\"read-more\" href=\"https:\/\/isfd52-bue.infd.edu.ar\/sitio\/autoridades\/\" aria-label=\"More on Autoridades\">[+]<\/a><\/p>\n","protected":false},"author":477,"featured_media":0,"parent":0,"menu_order":0,"comment_status":"closed","ping_status":"closed","template":"","meta":[],"acf":[],"_links":{"self":[{"href":"https:\/\/isfd52-bue.infd.edu.ar\/sitio\/wp-json\/wp\/v2\/pages\/1259"}],"collection":[{"href":"https:\/\/isfd52-bue.infd.edu.ar\/sitio\/wp-json\/wp\/v2\/pages"}],"about":[{"href":"https:\/\/isfd52-bue.infd.edu.ar\/sitio\/wp-json\/wp\/v2\/types\/page"}],"author":[{"embeddable":true,"href":"https:\/\/isfd52-bue.infd.edu.ar\/sitio\/wp-json\/wp\/v2\/users\/477"}],"replies":[{"embeddable":true,"href":"https:\/\/isfd52-bue.infd.edu.ar\/sitio\/wp-json\/wp\/v2\/comments?post=1259"}],"version-history":[{"count":21,"href":"https:\/\/isfd52-bue.infd.edu.ar\/sitio\/wp-json\/wp\/v2\/pages\/1259\/revisions"}],"predecessor-version":[{"id":5481,"href":"https:\/\/isfd52-bue.infd.edu.ar\/sitio\/wp-json\/wp\/v2\/pages\/1259\/revisions\/5481"}],"wp:attachment":[{"href":"https:\/\/isfd52-bue.infd.edu.ar\/sitio\/wp-json\/wp\/v2\/media?parent=1259"}],"curies":[{"name":"wp","href":"https:\/\/api.w.org\/{rel}","templated":true}]}}