{"id":1234,"date":"2018-08-29T18:45:28","date_gmt":"2018-08-29T21:45:28","guid":{"rendered":"https:\/\/isfd52-bue.infd.edu.ar\/sitio\/gestion-de-solicitud-de-titulo\/"},"modified":"2025-09-12T10:31:22","modified_gmt":"2025-09-12T13:31:22","slug":"gestion-de-solicitud-de-titulo","status":"publish","type":"page","link":"https:\/\/isfd52-bue.infd.edu.ar\/sitio\/gestion-de-solicitud-de-titulo\/","title":{"rendered":"Gesti\u00f3n de Solicitud de T\u00edtulo"},"content":{"rendered":"<p><span style=\"font-size: 12pt;\">Bienvenidxs, al sitio de Gesti\u00f3n de Solicitud del T\u00edtulo.<\/span><\/p>\n<p><span style=\"font-size: 12pt;\">Para realizar el tr\u00e1mite, es preciso en primer lugar completar el siguiente formulario seg\u00fan la carrera que corresponda:<\/span><\/p>\n<p><a href=\"https:\/\/docs.google.com\/forms\/d\/e\/1FAIpQLSeJd8cR7AIeTtrBUYlZTsrJuNbH9YqCXjlJhGHTTO_BI9EuOw\/viewform?usp=sharing&amp;ouid=108368114046602676928\" target=\"_blank\" rel=\"noopener\"><span style=\"font-size: 12pt;\">Solicitud de T\u00edtulo &#8211; PRIMARIA<\/span><\/a><\/p>\n<p><span style=\"font-size: 12pt;\"><span style=\"font-size: 12pt;\"><a href=\"https:\/\/docs.google.com\/forms\/d\/1Q82YgiQmdp6h2zP4iUl_b3UUXQhAB42ngAWYcg_Pgh8\/edit?usp=sharing\" target=\"_blank\" rel=\"noopener\">Solicitud de T\u00edtulo &#8211; INGL\u00c9S<\/a><br \/>\n<\/span><\/span><\/p>\n<p><span style=\"font-size: 12pt;\"><span style=\"font-size: 12pt;\"><a href=\"https:\/\/drive.google.com\/open?id=1OurDWO9MS4g1vZuSfEf3-jCvN89RzmIJ786hsosXqsc\" target=\"_blank\" rel=\"noopener\">Solicitud de T\u00edtulo &#8211; ECONOM\u00cdA<\/a><br \/>\n<\/span><\/span><\/p>\n<p><span style=\"font-size: 12pt;\"><span style=\"font-size: 12pt;\"><a href=\"https:\/\/drive.google.com\/open?id=1vopZdHUzDpQ-czZopSC0zyz3YOCUZk5hL4XFcCL_BNw\" target=\"_blank\" rel=\"noopener\">Solicitud de T\u00edtulo &#8211; T\u00c9CNICO<\/a><br \/>\n<\/span><\/span><\/p>\n<p><span style=\"font-size: 12pt;\">Luego de completar el formulario se les enviar\u00e1 un mail con la confirmaci\u00f3n del ingreso del tr\u00e1mite<\/span><\/p>\n","protected":false},"excerpt":{"rendered":"<p>Bienvenidxs, al sitio de Gesti\u00f3n de Solicitud del T\u00edtulo. Para realizar el tr\u00e1mite, es preciso en primer lugar completar el siguiente formulario seg\u00fan la carrera que corresponda: Solicitud de T\u00edtulo &#8211; PRIMARIA Solicitud de T\u00edtulo &#8211; INGL\u00c9S Solicitud de T\u00edtulo &#8211; ECONOM\u00cdA Solicitud de T\u00edtulo &#8211; T\u00c9CNICO Luego de completar el formulario se les enviar\u00e1 &#8230; <a title=\"Gesti\u00f3n de Solicitud de T\u00edtulo\" class=\"read-more\" href=\"https:\/\/isfd52-bue.infd.edu.ar\/sitio\/gestion-de-solicitud-de-titulo\/\" aria-label=\"More on Gesti\u00f3n de Solicitud de T\u00edtulo\">[+]<\/a><\/p>\n","protected":false},"author":477,"featured_media":0,"parent":0,"menu_order":0,"comment_status":"closed","ping_status":"closed","template":"","meta":[],"acf":[],"_links":{"self":[{"href":"https:\/\/isfd52-bue.infd.edu.ar\/sitio\/wp-json\/wp\/v2\/pages\/1234"}],"collection":[{"href":"https:\/\/isfd52-bue.infd.edu.ar\/sitio\/wp-json\/wp\/v2\/pages"}],"about":[{"href":"https:\/\/isfd52-bue.infd.edu.ar\/sitio\/wp-json\/wp\/v2\/types\/page"}],"author":[{"embeddable":true,"href":"https:\/\/isfd52-bue.infd.edu.ar\/sitio\/wp-json\/wp\/v2\/users\/477"}],"replies":[{"embeddable":true,"href":"https:\/\/isfd52-bue.infd.edu.ar\/sitio\/wp-json\/wp\/v2\/comments?post=1234"}],"version-history":[{"count":3,"href":"https:\/\/isfd52-bue.infd.edu.ar\/sitio\/wp-json\/wp\/v2\/pages\/1234\/revisions"}],"predecessor-version":[{"id":5381,"href":"https:\/\/isfd52-bue.infd.edu.ar\/sitio\/wp-json\/wp\/v2\/pages\/1234\/revisions\/5381"}],"wp:attachment":[{"href":"https:\/\/isfd52-bue.infd.edu.ar\/sitio\/wp-json\/wp\/v2\/media?parent=1234"}],"curies":[{"name":"wp","href":"https:\/\/api.w.org\/{rel}","templated":true}]}}