{"id":1216,"date":"2018-08-29T18:45:19","date_gmt":"2018-08-29T21:45:19","guid":{"rendered":"https:\/\/isfd52-bue.infd.edu.ar\/sitio\/profesorado-y-tecnicatura-superior-en-tecnologias-de-equipos-e-instalaciones-electromecanicas\/"},"modified":"2019-11-08T20:55:03","modified_gmt":"2019-11-08T23:55:03","slug":"profesorado-y-tecnicatura-superior-en-tecnologias-de-equipos-e-instalaciones-electromecanicas","status":"publish","type":"page","link":"https:\/\/isfd52-bue.infd.edu.ar\/sitio\/profesorado-y-tecnicatura-superior-en-tecnologias-de-equipos-e-instalaciones-electromecanicas\/","title":{"rendered":"Profesorado en Tecnolog\u00edas de Equipos e Instalaciones Electromec\u00e1nicas"},"content":{"rendered":"<p style=\"text-align: center;\"><span style=\"font-size: 12pt;\"><span style=\"color: #800000;\"><span style=\"text-decoration: underline;\"><strong><span style=\"font-family: arial,helvetica,sans-serif;\">Profesorado en Tecnolog\u00edas de Equipos e Instalaciones Electromec\u00e1nicas<\/span><\/strong><\/span><\/span><\/span><\/p>\n<p>&nbsp;<\/p>\n<p>Esta carrera de grado est\u00e1 dirigida a aquellas y aquellos que tengan afinidad con lo t\u00e9cnico y quieran formarse para ense\u00f1ar en Escuelas Secundarias de Educaci\u00f3n T\u00e9cnica, Institutos Superiores de Formaci\u00f3n T\u00e9cnica, Centros de Formaci\u00f3n Profesional, Centros de Formaci\u00f3n Laboral o\u00a0 como capacitadores en empresas.<\/p>\n<p>La educaci\u00f3n t\u00e9cnica en nuestro pa\u00eds tiene escuelas e institutos con diversidad de orientaciones. Algunas de estas \u00faltimas son: electromec\u00e1nica, electr\u00f3nica, qu\u00edmica, maestro mayor de obra, aeron\u00e1utica, multimedios, inform\u00e1tica, electricidad, etc. Sin embargo la orientaci\u00f3n que m\u00e1s estudiantes de nivel secundario y m\u00e1s ofertas posee en nuestro pa\u00eds es la Tecnicatura en Electromec\u00e1nica.<\/p>\n<p>Quienes egresen de nuestro Profesorado en Tecnolog\u00edas de \u00a0Equipos e Instalaciones Electromec\u00e1nicas, estar\u00e1n preparados para la diversidad de disciplinas espec\u00edficas que deben ense\u00f1arse en aulas, talleres, laboratorios y \u00e1mbitos de producci\u00f3n. De esta manera podr\u00e1n ense\u00f1ar materias tales como: Lenguajes Tecnol\u00f3gicos, Instalaciones y Aplicaciones de la Energ\u00eda, M\u00e1quinas El\u00e9ctricas y Automatismos, Dise\u00f1o y Procesamiento Mec\u00e1nico, Laboratorio de Mediciones El\u00e9ctricas, Pr\u00e1cticas profesionalizantes, etc.<\/p>\n<p>Es incuestionable el aporte que los Profesores y las Profesoras en Tecnolog\u00edas de Equipos e Instalaciones Electromec\u00e1nicas hacen al bienestar de nuestro pa\u00eds ya que su labor es la que permite la generaci\u00f3n de recursos humanos para la Industria y para la Innovaci\u00f3n, que resultan fundamentales en el desarrollo local y regional.<\/p>\n<p>Nuestra propuesta de Formaci\u00f3n de Profesoras y Profesores en Tecnolog\u00edas de Equipos e Instalaciones electromec\u00e1nicas se orienta a docentes especializados en <em>contextos de ense\u00f1anza donde la carencia se transforme en potencia<\/em>.<\/p>\n<p>Sabemos que ense\u00f1ar en escuelas donde los recursos materiales son abundantes no presenta mayor complejidad para muchos docentes. Sin embargo, en aquellas escuelas donde los recursos materiales no abundan, se requiere de estrategias did\u00e1cticas, de la creatividad y del compromiso que s\u00f3lo un docente especializado, puede poner en juego. Los egresados y las egresadas de nuestro Profesorado en Tecnolog\u00edas de equipos e Instalaciones Electromec\u00e1nicas tendr\u00e1n la habilidad de <strong>potenciar<\/strong> sus propuestas de ense\u00f1anza en contextos donde los recursos no sean abundantes. Esta es la especialidad de nuestra carrera.<\/p>\n<p style=\"text-align: justify;\"><span style=\"font-size: 10pt;\"><span style=\"font-family: arial,helvetica,sans-serif;\">\u00a0\u00a0<\/span><\/span><\/p>\n","protected":false},"excerpt":{"rendered":"<p>Profesorado en Tecnolog\u00edas de Equipos e Instalaciones Electromec\u00e1nicas &nbsp; Esta carrera de grado est\u00e1 dirigida a aquellas y aquellos que tengan afinidad con lo t\u00e9cnico y quieran formarse para ense\u00f1ar en Escuelas Secundarias de Educaci\u00f3n T\u00e9cnica, Institutos Superiores de Formaci\u00f3n T\u00e9cnica, Centros de Formaci\u00f3n Profesional, Centros de Formaci\u00f3n Laboral o\u00a0 como capacitadores en empresas. La &#8230; <a title=\"Profesorado en Tecnolog\u00edas de Equipos e Instalaciones Electromec\u00e1nicas\" class=\"read-more\" href=\"https:\/\/isfd52-bue.infd.edu.ar\/sitio\/profesorado-y-tecnicatura-superior-en-tecnologias-de-equipos-e-instalaciones-electromecanicas\/\" aria-label=\"More on Profesorado en Tecnolog\u00edas de Equipos e Instalaciones Electromec\u00e1nicas\">[+]<\/a><\/p>\n","protected":false},"author":477,"featured_media":0,"parent":0,"menu_order":0,"comment_status":"closed","ping_status":"closed","template":"","meta":[],"acf":[],"_links":{"self":[{"href":"https:\/\/isfd52-bue.infd.edu.ar\/sitio\/wp-json\/wp\/v2\/pages\/1216"}],"collection":[{"href":"https:\/\/isfd52-bue.infd.edu.ar\/sitio\/wp-json\/wp\/v2\/pages"}],"about":[{"href":"https:\/\/isfd52-bue.infd.edu.ar\/sitio\/wp-json\/wp\/v2\/types\/page"}],"author":[{"embeddable":true,"href":"https:\/\/isfd52-bue.infd.edu.ar\/sitio\/wp-json\/wp\/v2\/users\/477"}],"replies":[{"embeddable":true,"href":"https:\/\/isfd52-bue.infd.edu.ar\/sitio\/wp-json\/wp\/v2\/comments?post=1216"}],"version-history":[{"count":3,"href":"https:\/\/isfd52-bue.infd.edu.ar\/sitio\/wp-json\/wp\/v2\/pages\/1216\/revisions"}],"predecessor-version":[{"id":2752,"href":"https:\/\/isfd52-bue.infd.edu.ar\/sitio\/wp-json\/wp\/v2\/pages\/1216\/revisions\/2752"}],"wp:attachment":[{"href":"https:\/\/isfd52-bue.infd.edu.ar\/sitio\/wp-json\/wp\/v2\/media?parent=1216"}],"curies":[{"name":"wp","href":"https:\/\/api.w.org\/{rel}","templated":true}]}}