{"id":1208,"date":"2018-08-29T18:45:15","date_gmt":"2018-08-29T21:45:15","guid":{"rendered":"https:\/\/isfd52-bue.infd.edu.ar\/sitio\/publicaciones-de-docentes\/"},"modified":"2019-06-24T11:52:18","modified_gmt":"2019-06-24T14:52:18","slug":"publicaciones-de-docentes","status":"publish","type":"page","link":"https:\/\/isfd52-bue.infd.edu.ar\/sitio\/publicaciones-de-docentes\/","title":{"rendered":"Publicaciones de Docentes y Estudiantes"},"content":{"rendered":"<p><span style=\"font-size: 10pt;\"><span style=\"font-family: arial,helvetica,sans-serif;\"><a href=\"upload\/25_anios._2008.wmv\" name=\"25%20a%C3%B1os\"><\/a><\/span><\/span><\/p>\n<p align=\"center\"><span style=\"color: #800000;\"><span style=\"text-decoration: underline;\"><strong><span style=\"font-size: 12pt;\"><span style=\"font-family: arial,helvetica,sans-serif;\">Publicaciones de docentes y estudiantes del Instituto<\/span><\/span><\/strong><\/span><\/span><\/p>\n<table border=\"0\" width=\"100%\" align=\"center\">\n<tbody>\n<tr>\n<td style=\"width: 70%;\"><span style=\"font-size: 10pt;\"><span style=\"font-family: arial,helvetica,sans-serif;\"><img decoding=\"async\" src=\"https:\/\/isfd52-bue.infd.edu.ar\/sitio\/wp-content\/uploads\/2018\/08\/10x10.gif\" alt=\"Transparente\" border=\"0\" \/>T\u00edtulo:\u00a0 \u00ab<strong>Huerta escolar: una experiencia formativa, solidaria y colectiva\u00bb<\/strong><br \/>\n<img decoding=\"async\" src=\"https:\/\/isfd52-bue.infd.edu.ar\/sitio\/wp-content\/uploads\/2018\/08\/10x10.gif\" alt=\"Transparente\" border=\"0\" \/>Autor: Susana Esp\u00edndola<\/span><\/span><\/td>\n<td>\n<div style=\"text-align: center;\"><\/div>\n<div><img decoding=\"async\" class=\"aligncenter\" src=\"https:\/\/isfd52-bue.infd.edu.ar\/sitio\/wp-content\/uploads\/2018\/08\/icono_pdf.gif\" \/><\/div>\n<div style=\"text-align: center;\"><a href=\"https:\/\/isfd52-bue.infd.edu.ar\/sitio\/wp-content\/uploads\/2019\/06\/art\u00edculo-huerta-escolar-1-2.pdf\" target=\"_blank\" rel=\"noopener\"><span style=\"font-size: 10pt;\"><span style=\"font-family: arial,helvetica,sans-serif;\"><span style=\"text-decoration: underline;\">Archivo.p<\/span><\/span><\/span><\/a><\/div>\n<\/td>\n<\/tr>\n<\/tbody>\n<\/table>\n<p align=\"center\"><span style=\"font-size: 10pt;\"><span style=\"font-family: arial,helvetica,sans-serif;\">\u00a0\u00a0\u00a0\u00a0\u00a0\u00a0\u00a0\u00a0\u00a0\u00a0\u00a0\u00a0\u00a0\u00a0\u00a0\u00a0\u00a0\u00a0\u00a0\u00a0\u00a0\u00a0\u00a0\u00a0\u00a0\u00a0\u00a0\u00a0\u00a0\u00a0\u00a0\u00a0\u00a0\u00a0\u00a0\u00a0\u00a0\u00a0\u00a0\u00a0\u00a0\u00a0\u00a0\u00a0\u00a0\u00a0\u00a0\u00a0\u00a0\u00a0\u00a0\u00a0\u00a0\u00a0\u00a0\u00a0\u00a0\u00a0\u00a0\u00a0\u00a0\u00a0\u00a0\u00a0\u00a0\u00a0\u00a0\u00a0\u00a0\u00a0\u00a0\u00a0\u00a0\u00a0\u00a0\u00a0\u00a0\u00a0\u00a0\u00a0\u00a0\u00a0\u00a0\u00a0\u00a0\u00a0\u00a0\u00a0\u00a0\u00a0\u00a0\u00a0\u00a0\u00a0\u00a0\u00a0\u00a0\u00a0\u00a0\u00a0\u00a0\u00a0\u00a0\u00a0\u00a0\u00a0\u00a0\u00a0\u00a0\u00a0\u00a0\u00a0\u00a0\u00a0\u00a0\u00a0\u00a0\u00a0\u00a0\u00a0\u00a0\u00a0\u00a0\u00a0\u00a0\u00a0\u00a0\u00a0\u00a0\u00a0\u00a0\u00a0\u00a0\u00a0\u00a0\u00a0\u00a0\u00a0\u00a0\u00a0\u00a0\u00a0\u00a0\u00a0\u00a0\u00a0\u00a0\u00a0\u00a0\u00a0\u00a0\u00a0\u00a0\u00a0\u00a0\u00a0\u00a0\u00a0\u00a0\u00a0\u00a0\u00a0\u00a0\u00a0\u00a0\u00a0\u00a0\u00a0\u00a0\u00a0\u00a0\u00a0\u00a0\u00a0\u00a0\u00a0\u00a0\u00a0\u00a0\u00a0\u00a0\u00a0\u00a0<\/span><\/span><\/p>\n<table border=\"0\" width=\"100%\" align=\"center\">\n<tbody>\n<tr>\n<td style=\"width: 70%;\">&nbsp;<\/p>\n<p><span style=\"font-size: 10pt;\"><span style=\"font-family: arial,helvetica,sans-serif;\"><img decoding=\"async\" src=\"https:\/\/isfd52-bue.infd.edu.ar\/sitio\/wp-content\/uploads\/2018\/08\/10x10.gif\" alt=\"Transparente\" border=\"0\" \/><img decoding=\"async\" src=\"https:\/\/isfd52-bue.infd.edu.ar\/sitio\/wp-content\/uploads\/2018\/08\/10x10.gif\" alt=\"Transparente\" border=\"0\" \/>T\u00edtulo del libro: \u00abDe la Gesti\u00f3n a la Gestaci\u00f3n: Alternativas para una Pedagog\u00eda de la Formaci\u00f3n. La experiencia del CAIE de la Regi\u00f3n 6\u00bb<br \/>\n<img decoding=\"async\" src=\"https:\/\/isfd52-bue.infd.edu.ar\/sitio\/wp-content\/uploads\/2018\/08\/10x10.gif\" alt=\"Transparente\" border=\"0\" \/>Autor: Liliana Alpern, Martha Barciela, Maril\u00ed\u00a0 Cedrato, Alejandra Firpo, Melina Mandarini, Irene Nielsen, Gabriela Pirolo y Roberto Rossenblum (compilador)<br \/>\n<\/span><\/span><\/td>\n<td>\n<div style=\"text-align: center;\"><span style=\"font-size: 10pt;\"><span style=\"font-family: arial,helvetica,sans-serif;\"><a title=\"De la gesti\u00f3n a la gestaci\u00f3n\" href=\"upload\/De_la_gestion_a_la_Gestacion__Libro_completo.pdf\" target=\"_blank\" rel=\"noopener\"><img decoding=\"async\" src=\"https:\/\/isfd52-bue.infd.edu.ar\/sitio\/wp-content\/uploads\/2018\/08\/icono_pdf.gif\" alt=\"Icono pdf \" border=\"0\" \/> <\/a><\/span><\/span><\/div>\n<div style=\"text-align: center;\"><span style=\"font-size: 10pt;\"><span style=\"font-family: arial,helvetica,sans-serif;\"><span style=\"text-decoration: underline;\"><a title=\"De la gesti\u00f3n a la gestaci\u00f3n\" href=\"upload\/De_la_gestion_a_la_Gestacion__Libro_completo.pdf\" target=\"_blank\" rel=\"noopener\">Archivo.p<\/a><\/span><\/span><\/span><\/div>\n<\/td>\n<\/tr>\n<\/tbody>\n<\/table>\n<p align=\"center\"><span style=\"font-size: 10pt;\"><span style=\"font-family: arial,helvetica,sans-serif;\">\u00a0<\/span><\/span><\/p>\n<p align=\"center\"><span style=\"font-size: 10pt;\"><span style=\"font-family: arial,helvetica,sans-serif;\">\u00a0<\/span><\/span><\/p>\n<table border=\"0\" width=\"100%\" align=\"center\">\n<tbody>\n<tr>\n<td style=\"width: 70%;\">&nbsp;<\/p>\n<p><span style=\"font-size: 10pt;\"><span style=\"font-family: arial,helvetica,sans-serif;\"><img decoding=\"async\" src=\"https:\/\/isfd52-bue.infd.edu.ar\/sitio\/wp-content\/uploads\/2018\/08\/10x10.gif\" alt=\"Transparente\" border=\"0\" \/><img decoding=\"async\" src=\"https:\/\/isfd52-bue.infd.edu.ar\/sitio\/wp-content\/uploads\/2018\/08\/10x10.gif\" alt=\"Transparente\" border=\"0\" \/>T\u00edtulo: Jornada \u00abPaulo Freire, vigencia de su pensamiento\u00bb<br \/>\n<img decoding=\"async\" src=\"https:\/\/isfd52-bue.infd.edu.ar\/sitio\/wp-content\/uploads\/2018\/08\/10x10.gif\" alt=\"Transparente\" border=\"0\" \/>Autor: Liliana Alpern<\/span><\/span><\/td>\n<td>\n<div style=\"text-align: center;\"><span style=\"font-size: 10pt;\"><span style=\"font-family: arial,helvetica,sans-serif;\"><a href=\"upload\/ponencia.doc\"><img decoding=\"async\" src=\"https:\/\/isfd52-bue.infd.edu.ar\/sitio\/wp-content\/uploads\/2018\/08\/icono_pdf.gif\" alt=\"Icono pdf \" border=\"0\" \/> <\/a><\/span><\/span><\/div>\n<div style=\"text-align: center;\"><span style=\"font-size: 10pt;\"><span style=\"font-family: arial,helvetica,sans-serif;\"><a href=\"upload\/De_la_Gestion_a_la_gestacion__ponencia_final.doc\"><span style=\"text-decoration: underline;\">Archivo.p<\/span> <\/a><\/span><\/span><\/div>\n<\/td>\n<\/tr>\n<\/tbody>\n<\/table>\n<p align=\"center\"><span style=\"font-size: 10pt;\"><span style=\"font-family: arial,helvetica,sans-serif;\">\u00a0\u00a0\u00a0\u00a0\u00a0\u00a0\u00a0\u00a0\u00a0\u00a0\u00a0\u00a0\u00a0\u00a0\u00a0\u00a0\u00a0\u00a0\u00a0\u00a0\u00a0\u00a0\u00a0\u00a0\u00a0\u00a0\u00a0\u00a0\u00a0\u00a0\u00a0\u00a0\u00a0\u00a0\u00a0\u00a0\u00a0\u00a0\u00a0\u00a0\u00a0\u00a0\u00a0\u00a0\u00a0\u00a0\u00a0\u00a0\u00a0\u00a0\u00a0\u00a0\u00a0\u00a0\u00a0\u00a0\u00a0\u00a0\u00a0\u00a0\u00a0\u00a0\u00a0\u00a0\u00a0\u00a0\u00a0\u00a0\u00a0\u00a0\u00a0\u00a0\u00a0\u00a0\u00a0\u00a0\u00a0\u00a0\u00a0\u00a0\u00a0\u00a0\u00a0\u00a0\u00a0\u00a0\u00a0\u00a0\u00a0\u00a0\u00a0\u00a0\u00a0\u00a0\u00a0\u00a0\u00a0\u00a0\u00a0\u00a0\u00a0\u00a0\u00a0\u00a0\u00a0\u00a0\u00a0\u00a0\u00a0\u00a0\u00a0\u00a0\u00a0\u00a0\u00a0\u00a0\u00a0\u00a0\u00a0\u00a0\u00a0\u00a0\u00a0\u00a0\u00a0\u00a0\u00a0\u00a0\u00a0\u00a0\u00a0\u00a0\u00a0\u00a0\u00a0\u00a0\u00a0\u00a0\u00a0\u00a0\u00a0\u00a0\u00a0\u00a0\u00a0\u00a0\u00a0\u00a0\u00a0\u00a0\u00a0\u00a0\u00a0\u00a0\u00a0\u00a0\u00a0\u00a0\u00a0\u00a0\u00a0\u00a0\u00a0\u00a0\u00a0\u00a0\u00a0\u00a0\u00a0\u00a0\u00a0\u00a0\u00a0\u00a0\u00a0\u00a0\u00a0\u00a0\u00a0\u00a0\u00a0\u00a0\u00a0\u00a0\u00a0\u00a0\u00a0\u00a0\u00a0\u00a0\u00a0\u00a0\u00a0\u00a0\u00a0\u00a0\u00a0\u00a0\u00a0\u00a0\u00a0\u00a0\u00a0\u00a0\u00a0\u00a0\u00a0\u00a0\u00a0\u00a0\u00a0\u00a0\u00a0\u00a0\u00a0\u00a0\u00a0\u00a0\u00a0\u00a0\u00a0\u00a0\u00a0\u00a0\u00a0\u00a0\u00a0\u00a0\u00a0\u00a0\u00a0\u00a0\u00a0\u00a0\u00a0\u00a0\u00a0\u00a0\u00a0\u00a0 <\/span><\/span><\/p>\n<table border=\"0\" width=\"100%\" align=\"center\">\n<tbody>\n<tr>\n<td style=\"width: 70%;\">&nbsp;<\/p>\n<p><span style=\"font-size: 10pt;\"><span style=\"font-family: arial,helvetica,sans-serif;\"><img decoding=\"async\" src=\"https:\/\/isfd52-bue.infd.edu.ar\/sitio\/wp-content\/uploads\/2018\/08\/10x10.gif\" alt=\"Transparente\" border=\"0\" \/>T\u00edtulo: Ponencia en Congreso Metropolitano de Formaci\u00f3n Docente \u00abDe la Gesti\u00f3n a la Gestaci\u00f3n: La experiencia del CAIE de la Regi\u00f3n VI\u00bb<br \/>\n<img decoding=\"async\" src=\"https:\/\/isfd52-bue.infd.edu.ar\/sitio\/wp-content\/uploads\/2018\/08\/10x10.gif\" alt=\"Transparente\" border=\"0\" \/>Autor: Maril\u00ed Cedrato y Roberto Rossenblum<img decoding=\"async\" src=\"https:\/\/isfd52-bue.infd.edu.ar\/sitio\/wp-content\/uploads\/2018\/08\/10x10.gif\" alt=\"Transparente\" border=\"0\" \/><\/span><\/span><\/td>\n<td>\n<div style=\"text-align: center;\"><span style=\"font-size: 10pt;\"><span style=\"font-family: arial,helvetica,sans-serif;\"><a href=\"upload\/De_la_Gestion_a_la_gestacion__ponencia_final.doc\"><img decoding=\"async\" src=\"https:\/\/isfd52-bue.infd.edu.ar\/sitio\/wp-content\/uploads\/2018\/08\/icono_pdf.gif\" alt=\"Icono pdf \" border=\"0\" \/> <\/a><\/span><\/span><\/div>\n<div style=\"text-align: center;\"><span style=\"font-size: 10pt;\"><span style=\"font-family: arial,helvetica,sans-serif;\"><a href=\"upload\/De_la_Gestion_a_la_gestacion__ponencia_final.doc\"><span style=\"text-decoration: underline;\">Archivo.pdf<\/span> <\/a><\/span><\/span><\/div>\n<\/td>\n<\/tr>\n<tr>\n<td>&nbsp;<\/p>\n<p><span style=\"font-size: 10pt;\"><span style=\"font-family: arial,helvetica,sans-serif;\"><img decoding=\"async\" src=\"https:\/\/isfd52-bue.infd.edu.ar\/sitio\/wp-content\/uploads\/2018\/08\/10x10.gif\" alt=\"Transparente\" border=\"0\" \/>T\u00edtulo: \u00abPor qu\u00e9 ense\u00f1ar ingl\u00e9s en la Provincia de Buenos Aires\u00bb<br \/>\n<img decoding=\"async\" src=\"https:\/\/isfd52-bue.infd.edu.ar\/sitio\/wp-content\/uploads\/2018\/08\/10x10.gif\" alt=\"Transparente\" border=\"0\" \/>Autor: Estudiantes y Roberto Rossenblum, docente de Perspectiva Filos\u00f3fico Pedag\u00f3gica &#8211; 1\u00ba a\u00f1o del Profesorado de Ingl\u00e9s &#8211;\u00a0<\/span><\/span><\/td>\n<td>\n<p align=\"center\"><span style=\"font-size: 10pt;\"><span style=\"font-family: arial,helvetica,sans-serif;\"><br \/>\n<a href=\"upload\/Por_que_enseniar_ingles.doc\"><img decoding=\"async\" src=\"https:\/\/isfd52-bue.infd.edu.ar\/sitio\/wp-content\/uploads\/2018\/08\/icono_pdf.gif\" alt=\"Icono pdf \" border=\"0\" \/><br \/>\n<span style=\"text-decoration: underline;\">Archivo.pdf<\/span> <\/a><\/span><\/span><\/p>\n<\/td>\n<\/tr>\n<tr>\n<td>&nbsp;<\/p>\n<p><span style=\"font-size: 10pt;\"><span style=\"font-family: arial,helvetica,sans-serif;\"><img decoding=\"async\" src=\"https:\/\/isfd52-bue.infd.edu.ar\/sitio\/wp-content\/uploads\/2018\/08\/10x10.gif\" alt=\"Transparente\" border=\"0\" \/>T\u00edtulo: \u00abProyecto integrado de Econom\u00eda y Gesti\u00f3n e Ingl\u00e9s\u00bb<\/span><\/span><\/p>\n<p><span style=\"font-size: 10pt;\"><span style=\"font-family: arial,helvetica,sans-serif;\">Autor: Estudiantes y docentes de Perspectiva Filos\u00f3fico Pedag\u00f3gico Did\u00e1ctica de 3\u00ba del Profesorado de Econom\u00eda y Gesti\u00f3n e Ingl\u00e9s<br \/>\n<img decoding=\"async\" src=\"https:\/\/isfd52-bue.infd.edu.ar\/sitio\/wp-content\/uploads\/2018\/08\/10x10.gif\" alt=\"Transparente\" border=\"0\" \/><\/span><\/span><\/td>\n<td>\n<p align=\"center\"><span style=\"font-size: 10pt;\"><span style=\"font-family: arial,helvetica,sans-serif;\"><br \/>\n<a href=\"upload\/proy._ingles__y_economia_y_gestion_3.doc\"><img decoding=\"async\" src=\"https:\/\/isfd52-bue.infd.edu.ar\/sitio\/wp-content\/uploads\/2018\/08\/icono_pdf.gif\" alt=\"Icono pdf \" border=\"0\" \/><br \/>\n<span style=\"text-decoration: underline;\">Archivo.pdf<\/span> <\/a><\/span><\/span><\/p>\n<\/td>\n<\/tr>\n<\/tbody>\n<\/table>\n<table border=\"0\" width=\"100%\" align=\"center\">\n<tbody>\n<tr>\n<td style=\"width: 70%;\">&nbsp;<\/p>\n<p><span style=\"font-size: 10pt;\"><span style=\"font-family: arial,helvetica,sans-serif;\"><img decoding=\"async\" src=\"https:\/\/isfd52-bue.infd.edu.ar\/sitio\/wp-content\/uploads\/2018\/08\/10x10.gif\" alt=\"Transparente\" border=\"0\" \/>T\u00edtulo: \u00abEnse\u00f1ar, Aprender, Narrar&#8230;\u00bb<br \/>\n<img decoding=\"async\" src=\"https:\/\/isfd52-bue.infd.edu.ar\/sitio\/wp-content\/uploads\/2018\/08\/10x10.gif\" alt=\"Transparente\" border=\"0\" \/>Autor: Colectivo de Coordinadores de Centros de Actualizaci\u00f3n e Innovaci\u00f3n Educativa (CAIE) de la Provincia de Buenos Aires &#8211; Compilador: Roberto Rossenblum<br \/>\n<img decoding=\"async\" src=\"https:\/\/isfd52-bue.infd.edu.ar\/sitio\/wp-content\/uploads\/2018\/08\/10x10.gif\" alt=\"Transparente\" border=\"0\" \/><\/span><\/span><\/td>\n<td>\n<div style=\"text-align: center;\"><span style=\"font-size: 10pt;\"><span style=\"font-family: arial,helvetica,sans-serif;\"><a class=\"undefined\" href=\"upload\/Cultura_del_trabajo_con_tecnologias.pdf\"><img decoding=\"async\" src=\"https:\/\/isfd52-bue.infd.edu.ar\/sitio\/wp-content\/uploads\/2018\/08\/icono_pdf.gif\" alt=\"Icono pdf \" border=\"0\" \/><\/a><\/span><\/span><\/div>\n<div style=\"text-align: center;\"><span style=\"font-size: 10pt;\"><span style=\"font-family: arial,helvetica,sans-serif;\"><span style=\"text-decoration: underline;\"><a class=\"undefined\" href=\"upload\/libro_narradores.doc\">Archivo.pdf<\/a><\/span><\/span><\/span><\/div>\n<\/td>\n<\/tr>\n<tr>\n<td>&nbsp;<\/p>\n<p><span style=\"font-size: 10pt;\"><span style=\"font-family: arial,helvetica,sans-serif;\"><img decoding=\"async\" src=\"https:\/\/isfd52-bue.infd.edu.ar\/sitio\/wp-content\/uploads\/2018\/08\/10x10.gif\" alt=\"Transparente\" border=\"0\" \/>T\u00edtulo: \u00abQu\u00e9 impacto tiene en nuestra regi\u00f3n la recolecci\u00f3n y tratamiento de los Residuos S\u00f3lidos Urbanos\u00bb<br \/>\n<img decoding=\"async\" src=\"https:\/\/isfd52-bue.infd.edu.ar\/sitio\/wp-content\/uploads\/2018\/08\/10x10.gif\" alt=\"Transparente\" border=\"0\" \/>Autor: Martha Barciela, Marina Gomez R\u00edos y Roberto Rossenblum<br \/>\n<img decoding=\"async\" src=\"https:\/\/isfd52-bue.infd.edu.ar\/sitio\/wp-content\/uploads\/2018\/08\/10x10.gif\" alt=\"Transparente\" border=\"0\" \/><\/span><\/span><\/td>\n<td>\n<p align=\"center\"><span style=\"font-size: 10pt;\"><span style=\"font-family: arial,helvetica,sans-serif;\"><br \/>\n<a href=\"upload\/Experiencia_Proyecto_globalizador.doc\"><img decoding=\"async\" src=\"https:\/\/isfd52-bue.infd.edu.ar\/sitio\/wp-content\/uploads\/2018\/08\/icono_pdf.gif\" alt=\"Icono pdf \" border=\"0\" \/><br \/>\n<span style=\"text-decoration: underline;\">Archivo.pdf<\/span> <\/a><\/span><\/span><\/p>\n<\/td>\n<\/tr>\n<tr>\n<td>&nbsp;<\/p>\n<p><span style=\"font-size: 10pt;\"><span style=\"font-family: arial,helvetica,sans-serif;\"><img decoding=\"async\" src=\"https:\/\/isfd52-bue.infd.edu.ar\/sitio\/wp-content\/uploads\/2018\/08\/10x10.gif\" alt=\"Transparente\" border=\"0\" \/>T\u00edtulo: \u00abPrimer encuentro de Educaci\u00f3n de J\u00f3venes y Adultos de la Regi\u00f3n 6\u00aa: La recuperaci\u00f3n del Derecho a la Educaci\u00f3n\u00bb<br \/>\n<img decoding=\"async\" src=\"https:\/\/isfd52-bue.infd.edu.ar\/sitio\/wp-content\/uploads\/2018\/08\/10x10.gif\" alt=\"Transparente\" border=\"0\" \/>Autor: Roberto Rossenblum<br \/>\n<img decoding=\"async\" src=\"https:\/\/isfd52-bue.infd.edu.ar\/sitio\/wp-content\/uploads\/2018\/08\/10x10.gif\" alt=\"Transparente\" border=\"0\" \/><\/span><\/span><\/td>\n<td>\n<p align=\"center\"><span style=\"font-size: 10pt;\"><span style=\"font-family: arial,helvetica,sans-serif;\"><br \/>\n<a href=\"upload\/encuentro_29_de_setiembre.ppt\"><img decoding=\"async\" src=\"https:\/\/isfd52-bue.infd.edu.ar\/sitio\/wp-content\/uploads\/2018\/08\/icono_pdf.gif\" alt=\"Icono pdf \" border=\"0\" \/><br \/>\n<span style=\"text-decoration: underline;\">Archivo.pdf<\/span> <\/a><\/span><\/span><\/p>\n<\/td>\n<\/tr>\n<\/tbody>\n<\/table>\n<p>&nbsp;<\/p>\n","protected":false},"excerpt":{"rendered":"<p>Publicaciones de docentes y estudiantes del Instituto T\u00edtulo:\u00a0 \u00abHuerta escolar: una experiencia formativa, solidaria y colectiva\u00bb Autor: Susana Esp\u00edndola Archivo.p \u00a0\u00a0\u00a0\u00a0\u00a0\u00a0\u00a0\u00a0\u00a0\u00a0\u00a0\u00a0\u00a0\u00a0\u00a0\u00a0\u00a0\u00a0\u00a0\u00a0\u00a0\u00a0\u00a0\u00a0\u00a0\u00a0\u00a0\u00a0\u00a0\u00a0\u00a0\u00a0\u00a0\u00a0\u00a0\u00a0\u00a0\u00a0\u00a0\u00a0\u00a0\u00a0\u00a0\u00a0\u00a0\u00a0\u00a0\u00a0\u00a0\u00a0\u00a0\u00a0\u00a0\u00a0\u00a0\u00a0\u00a0\u00a0\u00a0\u00a0\u00a0\u00a0\u00a0\u00a0\u00a0\u00a0\u00a0\u00a0\u00a0\u00a0\u00a0\u00a0\u00a0\u00a0\u00a0\u00a0\u00a0\u00a0\u00a0\u00a0\u00a0\u00a0\u00a0\u00a0\u00a0\u00a0\u00a0\u00a0\u00a0\u00a0\u00a0\u00a0\u00a0\u00a0\u00a0\u00a0\u00a0\u00a0\u00a0\u00a0\u00a0\u00a0\u00a0\u00a0\u00a0\u00a0\u00a0\u00a0\u00a0\u00a0\u00a0\u00a0\u00a0\u00a0\u00a0\u00a0\u00a0\u00a0\u00a0\u00a0\u00a0\u00a0\u00a0\u00a0\u00a0\u00a0\u00a0\u00a0\u00a0\u00a0\u00a0\u00a0\u00a0\u00a0\u00a0\u00a0\u00a0\u00a0\u00a0\u00a0\u00a0\u00a0\u00a0\u00a0\u00a0\u00a0\u00a0\u00a0\u00a0\u00a0\u00a0\u00a0\u00a0\u00a0\u00a0\u00a0\u00a0\u00a0\u00a0\u00a0\u00a0\u00a0\u00a0\u00a0\u00a0\u00a0\u00a0\u00a0\u00a0\u00a0\u00a0\u00a0\u00a0\u00a0\u00a0\u00a0\u00a0\u00a0\u00a0\u00a0\u00a0\u00a0\u00a0 &nbsp; T\u00edtulo del libro: \u00abDe la Gesti\u00f3n a la Gestaci\u00f3n: Alternativas para una Pedagog\u00eda de la Formaci\u00f3n. La experiencia del CAIE de la Regi\u00f3n 6\u00bb Autor: Liliana Alpern, Martha Barciela, Maril\u00ed\u00a0 Cedrato, Alejandra Firpo, &#8230; <a title=\"Publicaciones de Docentes y Estudiantes\" class=\"read-more\" href=\"https:\/\/isfd52-bue.infd.edu.ar\/sitio\/publicaciones-de-docentes\/\" aria-label=\"More on Publicaciones de Docentes y Estudiantes\">[+]<\/a><\/p>\n","protected":false},"author":477,"featured_media":0,"parent":0,"menu_order":0,"comment_status":"closed","ping_status":"closed","template":"","meta":[],"acf":[],"_links":{"self":[{"href":"https:\/\/isfd52-bue.infd.edu.ar\/sitio\/wp-json\/wp\/v2\/pages\/1208"}],"collection":[{"href":"https:\/\/isfd52-bue.infd.edu.ar\/sitio\/wp-json\/wp\/v2\/pages"}],"about":[{"href":"https:\/\/isfd52-bue.infd.edu.ar\/sitio\/wp-json\/wp\/v2\/types\/page"}],"author":[{"embeddable":true,"href":"https:\/\/isfd52-bue.infd.edu.ar\/sitio\/wp-json\/wp\/v2\/users\/477"}],"replies":[{"embeddable":true,"href":"https:\/\/isfd52-bue.infd.edu.ar\/sitio\/wp-json\/wp\/v2\/comments?post=1208"}],"version-history":[{"count":7,"href":"https:\/\/isfd52-bue.infd.edu.ar\/sitio\/wp-json\/wp\/v2\/pages\/1208\/revisions"}],"predecessor-version":[{"id":2379,"href":"https:\/\/isfd52-bue.infd.edu.ar\/sitio\/wp-json\/wp\/v2\/pages\/1208\/revisions\/2379"}],"wp:attachment":[{"href":"https:\/\/isfd52-bue.infd.edu.ar\/sitio\/wp-json\/wp\/v2\/media?parent=1208"}],"curies":[{"name":"wp","href":"https:\/\/api.w.org\/{rel}","templated":true}]}}