{"id":1199,"date":"2018-08-29T18:45:11","date_gmt":"2018-08-29T21:45:11","guid":{"rendered":"https:\/\/isfd52-bue.infd.edu.ar\/sitio\/profesorado-de-educacion-primaria\/"},"modified":"2018-10-26T08:45:53","modified_gmt":"2018-10-26T11:45:53","slug":"profesorado-de-educacion-primaria","status":"publish","type":"page","link":"https:\/\/isfd52-bue.infd.edu.ar\/sitio\/profesorado-de-educacion-primaria\/","title":{"rendered":"Organizaci\u00f3n curricular del Profesorado de Educaci\u00f3n Primaria"},"content":{"rendered":"<p style=\"text-align: center;\"><span style=\"font-size: 14pt;\"><span style=\"color: #800000;\"><span style=\"text-decoration: underline;\"><strong><span style=\"font-family: arial,helvetica,sans-serif;\">Profesorado de<br \/>\n<\/span><\/strong><\/span><\/span><\/span><\/p>\n<p style=\"text-align: center;\"><span style=\"font-size: 10pt;\"><span style=\"font-family: arial,helvetica,sans-serif;\"><span style=\"font-size: 14pt;\"><span style=\"color: #800000;\"><span style=\"text-decoration: underline;\"><strong>Educaci\u00f3n Primaria<\/strong><\/span><\/span><\/span><br \/>\n<\/span><\/span><\/p>\n<p class=\"MsoNormal\" style=\"margin: 0cm 0cm 6pt; text-align: justify;\"><span style=\"font-size: 10pt;\"><span style=\"font-family: arial,helvetica,sans-serif;\">\u00a0\u00a0\u00a0\u00a0 El dise\u00f1o curricular del Profesorado de Ense\u00f1anza Primaria\u00a0est\u00e1 organizado alrededor de cinco Campos y Trayectos opcionales, vinculados por preguntas centrales y organizadores de relaciones entre las diferentes materias que los componen.<\/span><\/span><\/p>\n<ul style=\"margin-top: 0cm;\" type=\"square\">\n<li class=\"MsoNormal\" style=\"margin: 0cm 0cm 6pt; text-align: justify;\"><span style=\"font-size: 10pt;\"><span style=\"font-family: arial,helvetica,sans-serif;\"><strong style=\"mso-bidi-font-weight: normal;\">Campo de Actualizaci\u00f3n Formativa<\/strong>: <em style=\"mso-bidi-font-style: normal;\">\u00bfQu\u00e9 aspectos de la formaci\u00f3n previa es necesario profundizar para transitar la formaci\u00f3n docente?<\/em><\/span><\/span><\/li>\n<li class=\"MsoNormal\" style=\"margin: 0cm 0cm 6pt; text-align: justify;\"><span style=\"font-size: 10pt;\"><span style=\"font-family: arial,helvetica,sans-serif;\"><strong style=\"mso-bidi-font-weight: normal;\">Campo de la Fundamentaci\u00f3n<\/strong>: <em style=\"mso-bidi-font-style: normal;\">\u00bfCu\u00e1l es el sentido de la docencia en el mundo actual en la sociedad latinoamericana y argentina?<\/em><\/span><\/span><\/li>\n<li class=\"MsoNormal\" style=\"margin: 0cm 0cm 6pt; text-align: justify;\"><span style=\"font-size: 10pt;\"><span style=\"font-family: arial,helvetica,sans-serif;\"><strong style=\"mso-bidi-font-weight: normal;\">Campo de la Subjetividad y las Culturas<\/strong>: <em style=\"mso-bidi-font-style: normal;\">\u00bfQu\u00e9 saberes permiten el reconocimiento y la comprensi\u00f3n del mundo subjetivo y cultural del sujeto de la educaci\u00f3n?<\/em><\/span><\/span><\/li>\n<li class=\"MsoNormal\" style=\"margin: 0cm 0cm 6pt; text-align: justify;\"><span style=\"font-size: 10pt;\"><span style=\"font-family: arial,helvetica,sans-serif;\"><strong style=\"mso-bidi-font-weight: normal;\">Campo de los Saberes a Ense\u00f1ar<\/strong>: <em style=\"mso-bidi-font-style: normal;\">\u00bfCu\u00e1les son los n\u00facleos de saberes significativos y socialmente productivos que se articulan en la ense\u00f1anza?<\/em><\/span><\/span><\/li>\n<li class=\"MsoNormal\" style=\"margin: 0cm 0cm 6pt; text-align: justify;\"><span style=\"font-size: 10pt;\"><span style=\"font-family: arial,helvetica,sans-serif;\"><strong style=\"mso-bidi-font-weight: normal;\">Campo de la Pr\u00e1ctica Docente<\/strong>: <em style=\"mso-bidi-font-style: normal;\">\u00bfCu\u00e1les son los recorridos formativos necesarios para asumir una praxis transformadora de la pr\u00e1ctica docente?<\/em><\/span><\/span><\/li>\n<li class=\"MsoNormal\" style=\"margin: 0cm 0cm 6pt; text-align: justify;\"><span style=\"font-size: 10pt;\"><span style=\"font-family: arial,helvetica,sans-serif;\"><strong style=\"mso-bidi-font-weight: normal;\">Trayectos Formativos Opcionales<\/strong>: <em style=\"mso-bidi-font-style: normal;\">\u00bfCu\u00e1les son los recorridos complementarios de la formaci\u00f3n que percibe y propone cada Instituci\u00f3n?<\/em><\/span><\/span><\/li>\n<\/ul>\n<p class=\"MsoNormal\" style=\"margin: 0cm 0cm 6pt; text-align: justify;\"><span style=\"font-size: 10pt;\"><span style=\"font-family: arial,helvetica,sans-serif;\">\u00a0\u00a0\u00a0\u00a0\u00a0\u00a0 Se ha optado por denominar \u201ccampos\u201d a los diferentes componentes curriculares. Esto significa considerar a cada campo como una estructura de elementos y relaciones objetivas, que posee propiedades espec\u00edficas. Asimismo, significa considerar un conjunto nodal de materias que se entrecruzan para contribuir a los horizontes formativos, y los juegos de tensiones y articulaciones entre esos elementos y en esas relaciones. <\/span><\/span><\/p>\n<p><span style=\"font-size: 10pt;\"><span style=\"font-family: arial,helvetica,sans-serif;\">\u00a0\u00a0\u00a0\u00a0\u00a0\u00a0\u00a0\u00a0 El campo es una totalidad estructurada de elementos resultante de una pr\u00e1ctica articulatoria. De tal modo que pensar el campo curricular, no como una estructura est\u00e1tica, sino como una pr\u00e1ctica de articulaci\u00f3n, significa comprender que esa pr\u00e1ctica articulatoria establece una relaci\u00f3n tal entre los elementos del campo, que la identidad de cada uno de ellos resulta modificada en virtud de la articulaci\u00f3n.<\/span><\/span><\/p>\n<p><span style=\"font-size: 10pt;\"><span style=\"font-family: arial,helvetica,sans-serif;\">\u00a0\u00a0\u00a0\u00a0\u00a0 Por \u00faltimo les dejamos las palabras de nuestro querido Jorge Huergo quien fue art\u00edfice del nuevo dise\u00f1o curricular del Profesorado de Educaci\u00f3n Primaria<\/span><\/span><\/p>\n<p><iframe loading=\"lazy\" src=\"\/\/www.youtube.com\/embed\/F5nc9OgyEOQ?wmode=transparent\" width=\"420\" height=\"315\" frameborder=\"0\"><\/iframe><\/p>\n<p><span style=\"font-size: 10pt;\"><span style=\"font-family: arial,helvetica,sans-serif;\">\u00a0<\/span><\/span><\/p>\n<p><span style=\"font-size: 10pt;\"><span style=\"font-family: arial,helvetica,sans-serif;\">\u00a0<\/span><\/span><\/p>\n","protected":false},"excerpt":{"rendered":"<p>Profesorado de Educaci\u00f3n Primaria \u00a0\u00a0\u00a0\u00a0 El dise\u00f1o curricular del Profesorado de Ense\u00f1anza Primaria\u00a0est\u00e1 organizado alrededor de cinco Campos y Trayectos opcionales, vinculados por preguntas centrales y organizadores de relaciones entre las diferentes materias que los componen. Campo de Actualizaci\u00f3n Formativa: \u00bfQu\u00e9 aspectos de la formaci\u00f3n previa es necesario profundizar para transitar la formaci\u00f3n docente? Campo &#8230; <a title=\"Organizaci\u00f3n curricular del Profesorado de Educaci\u00f3n Primaria\" class=\"read-more\" href=\"https:\/\/isfd52-bue.infd.edu.ar\/sitio\/profesorado-de-educacion-primaria\/\" aria-label=\"More on Organizaci\u00f3n curricular del Profesorado de Educaci\u00f3n Primaria\">[+]<\/a><\/p>\n","protected":false},"author":477,"featured_media":0,"parent":0,"menu_order":0,"comment_status":"closed","ping_status":"closed","template":"","meta":[],"acf":[],"_links":{"self":[{"href":"https:\/\/isfd52-bue.infd.edu.ar\/sitio\/wp-json\/wp\/v2\/pages\/1199"}],"collection":[{"href":"https:\/\/isfd52-bue.infd.edu.ar\/sitio\/wp-json\/wp\/v2\/pages"}],"about":[{"href":"https:\/\/isfd52-bue.infd.edu.ar\/sitio\/wp-json\/wp\/v2\/types\/page"}],"author":[{"embeddable":true,"href":"https:\/\/isfd52-bue.infd.edu.ar\/sitio\/wp-json\/wp\/v2\/users\/477"}],"replies":[{"embeddable":true,"href":"https:\/\/isfd52-bue.infd.edu.ar\/sitio\/wp-json\/wp\/v2\/comments?post=1199"}],"version-history":[{"count":1,"href":"https:\/\/isfd52-bue.infd.edu.ar\/sitio\/wp-json\/wp\/v2\/pages\/1199\/revisions"}],"predecessor-version":[{"id":1890,"href":"https:\/\/isfd52-bue.infd.edu.ar\/sitio\/wp-json\/wp\/v2\/pages\/1199\/revisions\/1890"}],"wp:attachment":[{"href":"https:\/\/isfd52-bue.infd.edu.ar\/sitio\/wp-json\/wp\/v2\/media?parent=1199"}],"curies":[{"name":"wp","href":"https:\/\/api.w.org\/{rel}","templated":true}]}}